 {"id":39604,"date":"2025-01-07T14:42:34","date_gmt":"2025-01-07T14:42:34","guid":{"rendered":"https:\/\/zurbuchensa.ch\/nos-produits\/"},"modified":"2025-06-10T08:00:03","modified_gmt":"2025-06-10T08:00:03","slug":"unsere-produkte","status":"publish","type":"page","link":"https:\/\/zurbuchensa.ch\/de\/unsere-produkte\/","title":{"rendered":"Unsere Produkte"},"content":{"rendered":"\t\t<div data-elementor-type=\"wp-page\" data-elementor-id=\"39604\" class=\"elementor elementor-39604 elementor-35182\" data-elementor-post-type=\"page\">\n\t\t\t\t\t\t<section class=\"elementor-section elementor-top-section elementor-element elementor-element-5e9fa47 elementor-section-full_width elementor-section-content-middle scheme_dark elementor-section-stretched elementor-section-height-min-height elementor-section-height-default elementor-section-items-middle sc_fly_static\" data-id=\"5e9fa47\" data-element_type=\"section\" data-e-type=\"section\" data-settings=\"{&quot;background_background&quot;:&quot;classic&quot;,&quot;stretch_section&quot;:&quot;section-stretched&quot;}\">\n\t\t\t\t\t\t\t<div class=\"elementor-background-overlay\"><\/div>\n\t\t\t\t\t\t\t<div class=\"elementor-container elementor-column-gap-no\">\n\t\t\t\t\t<div class=\"elementor-column elementor-col-100 elementor-top-column elementor-element elementor-element-0e98c53 sc_content_align_inherit sc_layouts_column_icons_position_left sc_fly_static\" data-id=\"0e98c53\" data-element_type=\"column\" data-e-type=\"column\">\n\t\t\t<div class=\"elementor-widget-wrap elementor-element-populated\">\n\t\t\t\t\t\t<section class=\"elementor-section elementor-inner-section elementor-element elementor-element-853549a elementor-section-full_width elementor-section-height-default elementor-section-height-default sc_fly_static\" data-id=\"853549a\" data-element_type=\"section\" data-e-type=\"section\">\n\t\t\t\t\t\t<div class=\"elementor-container elementor-column-gap-extended\">\n\t\t\t\t\t<div class=\"elementor-column elementor-col-100 elementor-inner-column elementor-element elementor-element-0b42490 sc_content_align_inherit sc_layouts_column_icons_position_left sc_fly_static\" data-id=\"0b42490\" data-element_type=\"column\" data-e-type=\"column\">\n\t\t\t<div class=\"elementor-widget-wrap elementor-element-populated\">\n\t\t\t\t\t\t<div class=\"elementor-element elementor-element-cc496a8 sc_fly_static elementor-widget elementor-widget-spacer\" data-id=\"cc496a8\" data-element_type=\"widget\" data-e-type=\"widget\" data-widget_type=\"spacer.default\">\n\t\t\t\t<div class=\"elementor-widget-container\">\n\t\t\t\t\t\t\t<div class=\"elementor-spacer\">\n\t\t\t<div class=\"elementor-spacer-inner\"><\/div>\n\t\t<\/div>\n\t\t\t\t\t\t<\/div>\n\t\t\t\t<\/div>\n\t\t\t\t<div class=\"elementor-element elementor-element-ac128cd sc_fly_static elementor-widget elementor-widget-trx_sc_layouts_title\" data-id=\"ac128cd\" data-element_type=\"widget\" data-e-type=\"widget\" data-widget_type=\"trx_sc_layouts_title.default\">\n\t\t\t\t<div class=\"elementor-widget-container\">\n\t\t\t\t\t<div class=\"sc_layouts_title sc_align_center with_content without_image without_tint\" ><div class=\"sc_layouts_title_content\"><div class=\"sc_layouts_title_title\"><h1 class=\"sc_layouts_title_caption\">Unsere Produkte<\/h1><\/div><\/div><\/div>\t\t\t\t<\/div>\n\t\t\t\t<\/div>\n\t\t\t\t<div class=\"elementor-element elementor-element-eaaaf31 sc_fly_static elementor-widget elementor-widget-spacer\" data-id=\"eaaaf31\" data-element_type=\"widget\" data-e-type=\"widget\" data-widget_type=\"spacer.default\">\n\t\t\t\t<div class=\"elementor-widget-container\">\n\t\t\t\t\t\t\t<div class=\"elementor-spacer\">\n\t\t\t<div class=\"elementor-spacer-inner\"><\/div>\n\t\t<\/div>\n\t\t\t\t\t\t<\/div>\n\t\t\t\t<\/div>\n\t\t\t\t<div class=\"elementor-element elementor-element-5ddb023 elementor-view-default sc_fly_static elementor-widget elementor-widget-icon\" data-id=\"5ddb023\" data-element_type=\"widget\" data-e-type=\"widget\" data-widget_type=\"icon.default\">\n\t\t\t\t<div class=\"elementor-widget-container\">\n\t\t\t\t\t\t\t<div class=\"elementor-icon-wrapper\">\n\t\t\t<div class=\"elementor-icon\">\n\t\t\t<svg xmlns=\"http:\/\/www.w3.org\/2000\/svg\" width=\"14.626\" height=\"8.639\" viewBox=\"0 0 14.626 8.639\"><g id=\"down-arrow\" transform=\"translate(0 -70.698)\"><g id=\"Group_8820\" data-name=\"Group 8820\" transform=\"translate(0 100.698)\"><path id=\"Path_6507\" data-name=\"Path 6507\" d=\"M14.392,101.42l-.479-.482a.8.8,0,0,0-1.132,0L7.316,106.4l-5.472-5.472a.8.8,0,0,0-1.132,0l-.479.479a.8.8,0,0,0,0,1.131l6.515,6.538a.818.818,0,0,0,.567.257h0a.818.818,0,0,0,.566-.257l6.508-6.52a.808.808,0,0,0,.234-.571A.8.8,0,0,0,14.392,101.42Z\" transform=\"translate(0 -130.698)\"><\/path><\/g><\/g><\/svg>\t\t\t<\/div>\n\t\t<\/div>\n\t\t\t\t\t\t<\/div>\n\t\t\t\t<\/div>\n\t\t\t\t<div class=\"elementor-element elementor-element-abd8923 sc_fly_static elementor-widget elementor-widget-spacer\" data-id=\"abd8923\" data-element_type=\"widget\" data-e-type=\"widget\" data-widget_type=\"spacer.default\">\n\t\t\t\t<div class=\"elementor-widget-container\">\n\t\t\t\t\t\t\t<div class=\"elementor-spacer\">\n\t\t\t<div class=\"elementor-spacer-inner\"><\/div>\n\t\t<\/div>\n\t\t\t\t\t\t<\/div>\n\t\t\t\t<\/div>\n\t\t\t\t\t<\/div>\n\t\t<\/div>\n\t\t\t\t\t<\/div>\n\t\t<\/section>\n\t\t\t\t\t<\/div>\n\t\t<\/div>\n\t\t\t\t\t<\/div>\n\t\t<\/section>\n\t\t\t\t<section class=\"elementor-section-with-custom-width elementor-section elementor-top-section elementor-element elementor-element-f74cfb4 elementor-section-boxed elementor-section-height-default elementor-section-height-default sc_fly_static\" data-id=\"f74cfb4\" data-element_type=\"section\" data-e-type=\"section\">\n\t\t\t\t\t\t<div class=\"elementor-container elementor-column-gap-extended\">\n\t\t\t\t\t<div class=\"elementor-column elementor-col-100 elementor-top-column elementor-element elementor-element-5b83762 sc_content_align_inherit sc_layouts_column_icons_position_left sc_fly_static\" data-id=\"5b83762\" data-element_type=\"column\" data-e-type=\"column\">\n\t\t\t<div class=\"elementor-widget-wrap elementor-element-populated\">\n\t\t\t\t\t\t<div class=\"elementor-element elementor-element-ffd420d sc_height_huge sc_fly_static elementor-widget elementor-widget-spacer\" data-id=\"ffd420d\" data-element_type=\"widget\" data-e-type=\"widget\" data-widget_type=\"spacer.default\">\n\t\t\t\t<div class=\"elementor-widget-container\">\n\t\t\t\t\t\t\t<div class=\"elementor-spacer\">\n\t\t\t<div class=\"elementor-spacer-inner\"><\/div>\n\t\t<\/div>\n\t\t\t\t\t\t<\/div>\n\t\t\t\t<\/div>\n\t\t\t\t<div class=\"elementor-element elementor-element-f9ec361 sc_fly_static elementor-widget elementor-widget-trx_sc_title\" data-id=\"f9ec361\" data-element_type=\"widget\" data-e-type=\"widget\" data-widget_type=\"trx_sc_title.default\">\n\t\t\t\t<div class=\"elementor-widget-container\">\n\t\t\t\t\t<div\t\tclass=\"sc_title sc_title_default\" ><span class=\"sc_item_subtitle sc_title_subtitle sc_align_center sc_item_subtitle_above sc_item_title_style_default\">F\u00dcR JEDEN RAUM<\/span><h1 class=\"sc_item_title sc_title_title sc_align_center sc_item_title_style_default sc_item_title_tag\"\n\t\t\t><span class=\"sc_item_title_text\">SWISS MADE, MASSGEFERTIGT UND INNOVATIV<\/span><\/h1><\/div>\t\t\t\t<\/div>\n\t\t\t\t<\/div>\n\t\t\t\t<div class=\"elementor-element elementor-element-75f7264 sc_fly_static elementor-widget elementor-widget-spacer\" data-id=\"75f7264\" data-element_type=\"widget\" data-e-type=\"widget\" data-widget_type=\"spacer.default\">\n\t\t\t\t<div class=\"elementor-widget-container\">\n\t\t\t\t\t\t\t<div class=\"elementor-spacer\">\n\t\t\t<div class=\"elementor-spacer-inner\"><\/div>\n\t\t<\/div>\n\t\t\t\t\t\t<\/div>\n\t\t\t\t<\/div>\n\t\t\t\t<div class=\"elementor-element elementor-element-45ef11b sc_fly_static elementor-widget elementor-widget-text-editor\" data-id=\"45ef11b\" data-element_type=\"widget\" data-e-type=\"widget\" data-widget_type=\"text-editor.default\">\n\t\t\t\t<div class=\"elementor-widget-container\">\n\t\t\t\t\t\t\t\t\t<p>Seit \u00fcber 50 Jahren ist Zurbuchen der vertrauensw\u00fcrdige Partner f\u00fcr Swiss Made Produkte, die Handwerkskunst und Innovation kombinieren, um den anspruchsvollsten Erwartungen gerecht zu werden. Fenster, Schiebet\u00fcren, Rolll\u00e4den, Eingangst\u00fcren, Garagentore oder Winterg\u00e4rten: Jedes Element ist darauf ausgelegt, optimalen Komfort, erh\u00f6hte Sicherheit und ein harmonisches Design zu bieten, perfekt angepasst an Ihr Zuhause. Entdecken Sie jetzt unsere Kategorien und stellen Sie sich einen Raum vor, der bis ins kleinste Detail zu Ihnen passt.<strong><b>\u00a0<\/b><\/strong><\/p>\t\t\t\t\t\t\t\t<\/div>\n\t\t\t\t<\/div>\n\t\t\t\t<div class=\"elementor-element elementor-element-b74ca05 sc_fly_static elementor-widget elementor-widget-text-editor\" data-id=\"b74ca05\" data-element_type=\"widget\" data-e-type=\"widget\" data-widget_type=\"text-editor.default\">\n\t\t\t\t<div class=\"elementor-widget-container\">\n\t\t\t\t\t\t\t\t\t<p>Entdecken Sie jetzt unsere Kategorien und stellen Sie sich einen Raum vor, der bis ins kleinste Detail zu Ihnen passt.<\/p>\t\t\t\t\t\t\t\t<\/div>\n\t\t\t\t<\/div>\n\t\t\t\t<div class=\"elementor-element elementor-element-f571ccb sc_height_medium sc_fly_static elementor-widget elementor-widget-spacer\" data-id=\"f571ccb\" data-element_type=\"widget\" data-e-type=\"widget\" data-widget_type=\"spacer.default\">\n\t\t\t\t<div class=\"elementor-widget-container\">\n\t\t\t\t\t\t\t<div class=\"elementor-spacer\">\n\t\t\t<div class=\"elementor-spacer-inner\"><\/div>\n\t\t<\/div>\n\t\t\t\t\t\t<\/div>\n\t\t\t\t<\/div>\n\t\t\t\t\t<\/div>\n\t\t<\/div>\n\t\t\t\t\t<\/div>\n\t\t<\/section>\n\t\t\t\t<section class=\"elementor-section elementor-top-section elementor-element elementor-element-1a18720 elementor-section-boxed elementor-section-height-default elementor-section-height-default sc_fly_static\" data-id=\"1a18720\" data-element_type=\"section\" data-e-type=\"section\">\n\t\t\t\t\t\t<div class=\"elementor-container elementor-column-gap-extended\">\n\t\t\t\t\t<div class=\"elementor-column elementor-col-100 elementor-top-column elementor-element elementor-element-b3779e5 sc_content_align_inherit sc_layouts_column_icons_position_left sc_fly_static\" data-id=\"b3779e5\" data-element_type=\"column\" data-e-type=\"column\">\n\t\t\t<div class=\"elementor-widget-wrap elementor-element-populated\">\n\t\t\t\t\t\t<div class=\"elementor-element elementor-element-d454a2f scheme_default sc_fly_static elementor-widget elementor-widget-trx_sc_services\" data-id=\"d454a2f\" data-element_type=\"widget\" data-e-type=\"widget\" data-widget_type=\"trx_sc_services.default\">\n\t\t\t\t<div class=\"elementor-widget-container\">\n\t\t\t\t\t<div class=\"sc_services color_style_dark scheme_default sc_services_fashion sc_services_featured_top\"><div class=\"sc_services_columns_wrap sc_item_columns sc_item_posts_container sc_item_columns_3 trx_addons_columns_wrap columns_padding_bottom\"><div class=\"trx_addons_column-1_3 trx_addons_column-1_2-tablet \"><div data-post-id=\"39611\" class=\"sc_services_item sc_item_container post_container without_content with_subtitle with_image with_number post-39611 page type-page status-publish has-post-thumbnail hentry\">\r\n\t\t<div class=\"sc_services_item_content \" style=\"background-image: url(https:\/\/zurbuchensa.ch\/wp-content\/uploads\/2025\/01\/zurbuchen-sliding-shutter.jpg);\">\r\n\t\t\t\t<div class=\"sc_services_item_content_inner\">\r\n    \t\t                <div class=\"sc_services_item_content_inner_top\"><span class=\"sc_services_item_number\">01.<\/span><\/div><div class=\"sc_services_item_content_inner_bottom\"><h6 class=\"sc_services_item_title\"><a href=\"https:\/\/zurbuchensa.ch\/de\/fenster\/\">Fenster<\/a><\/h6>\r\n                <div class=\"sc_services_item_subtitle\"><a href=\"https:\/\/zurbuchensa.ch\/de\/?taxonomy=translation_priority&#038;term=optional\" title=\"View all posts in Optional\">Optional<\/a><\/div><\/div><\/div><a class=\"sc_services_item_link\" href=\"https:\/\/zurbuchensa.ch\/de\/fenster\/\"><\/a><\/div><\/div><\/div><div class=\"trx_addons_column-1_3 trx_addons_column-1_2-tablet \"><div data-post-id=\"39617\" class=\"sc_services_item sc_item_container post_container without_content with_subtitle with_image with_number post-39617 page type-page status-publish has-post-thumbnail hentry\">\r\n\t\t<div class=\"sc_services_item_content \" style=\"background-image: url(https:\/\/zurbuchensa.ch\/wp-content\/uploads\/2025\/01\/zurbuchen-products-sliding-doors.jpg);\">\r\n\t\t\t\t<div class=\"sc_services_item_content_inner\">\r\n    \t\t                <div class=\"sc_services_item_content_inner_top\"><span class=\"sc_services_item_number\">02.<\/span><\/div><div class=\"sc_services_item_content_inner_bottom\"><h6 class=\"sc_services_item_title\"><a href=\"https:\/\/zurbuchensa.ch\/de\/schiebeturen\/\">Schiebet\u00fcren<\/a><\/h6>\r\n                <div class=\"sc_services_item_subtitle\"><a href=\"https:\/\/zurbuchensa.ch\/de\/?taxonomy=translation_priority&#038;term=optional\" title=\"View all posts in Optional\">Optional<\/a><\/div><\/div><\/div><a class=\"sc_services_item_link\" href=\"https:\/\/zurbuchensa.ch\/de\/schiebeturen\/\"><\/a><\/div><\/div><\/div><div class=\"trx_addons_column-1_3 trx_addons_column-1_2-tablet \"><div data-post-id=\"39623\" class=\"sc_services_item sc_item_container post_container without_content with_subtitle with_image with_number post-39623 page type-page status-publish has-post-thumbnail hentry\">\r\n\t\t<div class=\"sc_services_item_content \" style=\"background-image: url(https:\/\/zurbuchensa.ch\/wp-content\/uploads\/2024\/12\/2373-92_af_2st_satinato_TurnerOak-malt_8.100.14.G_h031-840x564.jpg);\">\r\n\t\t\t\t<div class=\"sc_services_item_content_inner\">\r\n    \t\t                <div class=\"sc_services_item_content_inner_top\"><span class=\"sc_services_item_number\">03.<\/span><\/div><div class=\"sc_services_item_content_inner_bottom\"><h6 class=\"sc_services_item_title\"><a href=\"https:\/\/zurbuchensa.ch\/de\/eingangsturen\/\">Eingangsturen<\/a><\/h6>\r\n                <div class=\"sc_services_item_subtitle\"><a href=\"https:\/\/zurbuchensa.ch\/de\/?taxonomy=translation_priority&#038;term=optional\" title=\"View all posts in Optional\">Optional<\/a><\/div><\/div><\/div><a class=\"sc_services_item_link\" href=\"https:\/\/zurbuchensa.ch\/de\/eingangsturen\/\"><\/a><\/div><\/div><\/div><div class=\"trx_addons_column-1_3 trx_addons_column-1_2-tablet \"><div data-post-id=\"39642\" class=\"sc_services_item sc_item_container post_container without_content with_subtitle with_image with_number post-39642 page type-page status-publish has-post-thumbnail hentry\">\r\n\t\t<div class=\"sc_services_item_content \" style=\"background-image: url(https:\/\/zurbuchensa.ch\/wp-content\/uploads\/2025\/01\/zurbuchen-products-shutters.jpg);\">\r\n\t\t\t\t<div class=\"sc_services_item_content_inner\">\r\n    \t\t                <div class=\"sc_services_item_content_inner_top\"><span class=\"sc_services_item_number\">04.<\/span><\/div><div class=\"sc_services_item_content_inner_bottom\"><h6 class=\"sc_services_item_title\"><a href=\"https:\/\/zurbuchensa.ch\/de\/aluminiumladen\/\">Roll\u00e4den<\/a><\/h6>\r\n                <div class=\"sc_services_item_subtitle\"><a href=\"https:\/\/zurbuchensa.ch\/de\/?taxonomy=translation_priority&#038;term=optional\" title=\"View all posts in Optional\">Optional<\/a><\/div><\/div><\/div><a class=\"sc_services_item_link\" href=\"https:\/\/zurbuchensa.ch\/de\/aluminiumladen\/\"><\/a><\/div><\/div><\/div><div class=\"trx_addons_column-1_3 trx_addons_column-1_2-tablet \"><div data-post-id=\"39636\" class=\"sc_services_item sc_item_container post_container without_content with_subtitle with_image with_number post-39636 page type-page status-publish has-post-thumbnail hentry\">\r\n\t\t<div class=\"sc_services_item_content \" style=\"background-image: url(https:\/\/zurbuchensa.ch\/wp-content\/uploads\/2025\/01\/zurbuchen-veranda-custom-swiss-made.jpg);\">\r\n\t\t\t\t<div class=\"sc_services_item_content_inner\">\r\n    \t\t                <div class=\"sc_services_item_content_inner_top\"><span class=\"sc_services_item_number\">05.<\/span><\/div><div class=\"sc_services_item_content_inner_bottom\"><h6 class=\"sc_services_item_title\"><a href=\"https:\/\/zurbuchensa.ch\/de\/wintergarten\/\">Winterg\u00e4rten<\/a><\/h6>\r\n                <div class=\"sc_services_item_subtitle\"><a href=\"https:\/\/zurbuchensa.ch\/de\/?taxonomy=translation_priority&#038;term=optional\" title=\"View all posts in Optional\">Optional<\/a><\/div><\/div><\/div><a class=\"sc_services_item_link\" href=\"https:\/\/zurbuchensa.ch\/de\/wintergarten\/\"><\/a><\/div><\/div><\/div><\/div><\/div>\t\t\t\t<\/div>\n\t\t\t\t<\/div>\n\t\t\t\t<div class=\"elementor-element elementor-element-3edaeab sc_height_huge sc_fly_static elementor-widget elementor-widget-spacer\" data-id=\"3edaeab\" data-element_type=\"widget\" data-e-type=\"widget\" data-widget_type=\"spacer.default\">\n\t\t\t\t<div class=\"elementor-widget-container\">\n\t\t\t\t\t\t\t<div class=\"elementor-spacer\">\n\t\t\t<div class=\"elementor-spacer-inner\"><\/div>\n\t\t<\/div>\n\t\t\t\t\t\t<\/div>\n\t\t\t\t<\/div>\n\t\t\t\t\t<\/div>\n\t\t<\/div>\n\t\t\t\t\t<\/div>\n\t\t<\/section>\n\t\t\t\t<section class=\"elementor-section elementor-top-section elementor-element elementor-element-b52eb19 elementor-section-full_width elementor-section-stretched elementor-section-height-default elementor-section-height-default sc_fly_static\" data-id=\"b52eb19\" data-element_type=\"section\" data-e-type=\"section\" data-settings=\"{&quot;stretch_section&quot;:&quot;section-stretched&quot;}\">\n\t\t\t\t\t\t<div class=\"elementor-container elementor-column-gap-extended\">\n\t\t\t\t\t<div class=\"elementor-column elementor-col-100 elementor-top-column elementor-element elementor-element-50cb92c sc_content_align_inherit sc_layouts_column_icons_position_left sc_fly_static\" data-id=\"50cb92c\" data-element_type=\"column\" data-e-type=\"column\">\n\t\t\t<div class=\"elementor-widget-wrap elementor-element-populated\">\n\t\t\t\t\t\t<div class=\"elementor-element elementor-element-d877987 sc_fly_static elementor-widget elementor-widget-template\" data-id=\"d877987\" data-element_type=\"widget\" data-e-type=\"widget\" data-widget_type=\"template.default\">\n\t\t\t\t<div class=\"elementor-widget-container\">\n\t\t\t\t\t\t\t<div class=\"elementor-template\">\n\t\t\t\t\t<div data-elementor-type=\"page\" data-elementor-id=\"39688\" class=\"elementor elementor-39688 elementor-36058 elementor-36058\" data-elementor-post-type=\"elementor_library\">\n\t\t\t\t\t\t<section class=\"elementor-section elementor-top-section elementor-element elementor-element-5907228 elementor-section-full_width scheme_light elementor-section-height-default elementor-section-height-default sc_fly_static\" data-id=\"5907228\" data-element_type=\"section\" data-e-type=\"section\" data-settings=\"{&quot;background_background&quot;:&quot;classic&quot;}\">\n\t\t\t\t\t\t<div class=\"elementor-container elementor-column-gap-no\">\n\t\t\t\t\t<div class=\"elementor-column elementor-col-50 elementor-top-column elementor-element elementor-element-d509dd7 sc_content_align_inherit sc_layouts_column_icons_position_left sc_fly_static\" data-id=\"d509dd7\" data-element_type=\"column\" data-e-type=\"column\" data-settings=\"{&quot;background_background&quot;:&quot;classic&quot;}\">\n\t\t\t<div class=\"elementor-widget-wrap elementor-element-populated\">\n\t\t\t\t\t\t<div class=\"elementor-element elementor-element-d11864b sc_fly_static elementor-widget elementor-widget-spacer\" data-id=\"d11864b\" data-element_type=\"widget\" data-e-type=\"widget\" data-widget_type=\"spacer.default\">\n\t\t\t\t<div class=\"elementor-widget-container\">\n\t\t\t\t\t\t\t<div class=\"elementor-spacer\">\n\t\t\t<div class=\"elementor-spacer-inner\"><\/div>\n\t\t<\/div>\n\t\t\t\t\t\t<\/div>\n\t\t\t\t<\/div>\n\t\t\t\t\t<\/div>\n\t\t<\/div>\n\t\t\t\t<div class=\"elementor-column elementor-col-50 elementor-top-column elementor-element elementor-element-cacf0b9 sc_content_align_inherit sc_layouts_column_icons_position_left sc_fly_static\" data-id=\"cacf0b9\" data-element_type=\"column\" data-e-type=\"column\" data-settings=\"{&quot;background_background&quot;:&quot;classic&quot;}\">\n\t\t\t<div class=\"elementor-widget-wrap elementor-element-populated\">\n\t\t\t\t\t\t<div class=\"elementor-element elementor-element-83b9913 elementor-widget__width-initial sc_fly_static elementor-widget elementor-widget-trx_sc_title\" data-id=\"83b9913\" data-element_type=\"widget\" data-e-type=\"widget\" data-widget_type=\"trx_sc_title.default\">\n\t\t\t\t<div class=\"elementor-widget-container\">\n\t\t\t\t\t<div\t\tclass=\"sc_title sc_title_default\" ><span class=\"sc_item_subtitle sc_title_subtitle sc_item_subtitle_above sc_item_title_style_default sc_item_subtitle_with_custom_color trx_addons_inline_1181573098\">HABEN SIE EIN PROJEKT? <\/span><h1 class=\"sc_item_title sc_title_title sc_item_title_style_default sc_item_title_tag trx_addons_inline_302977762\"\n\t\t\t><span class=\"sc_item_title_text\">HOLEN SIE SICH EINE KOSTENLOSE BEWERTUNG! <\/span><\/h1><div class=\"sc_item_descr sc_title_descr sc_item_descr_with_custom_color trx_addons_inline_453407731\"><p>Nutzen Sie eine kostenlose Bewertung, um den Zustand Ihrer Fenster zu beurteilen und entdecken Sie, wie unsere L\u00f6sungen Ihren Raum transformieren k\u00f6nnen.<\/p>\n<\/div><\/div>\t\t\t\t<\/div>\n\t\t\t\t<\/div>\n\t\t\t\t<div class=\"elementor-element elementor-element-4a8d420 sc_fly_static elementor-widget elementor-widget-spacer\" data-id=\"4a8d420\" data-element_type=\"widget\" data-e-type=\"widget\" data-widget_type=\"spacer.default\">\n\t\t\t\t<div class=\"elementor-widget-container\">\n\t\t\t\t\t\t\t<div class=\"elementor-spacer\">\n\t\t\t<div class=\"elementor-spacer-inner\"><\/div>\n\t\t<\/div>\n\t\t\t\t\t\t<\/div>\n\t\t\t\t<\/div>\n\t\t\t\t<div data-animation-type=\"block\" class=\"elementor-element elementor-element-33447ff animation_type_block sc_fly_static elementor-invisible elementor-widget elementor-widget-trx_sc_button\" data-id=\"33447ff\" data-element_type=\"widget\" data-e-type=\"widget\" data-settings=\"{&quot;_animation&quot;:&quot;buildera-fadeinright&quot;,&quot;_animation_delay&quot;:100}\" data-widget_type=\"trx_sc_button.default\">\n\t\t\t\t<div class=\"elementor-widget-container\">\n\t\t\t\t\t<div\tclass=\"sc_item_button sc_button_wrap\" ><a href=\"https:\/\/zurbuchensa.ch\/de\/kostenlose-bewertung\/\" class=\"sc_button sc_button_decoration sc_button_size_normal sc_button_icon_left color_style_link3\" ><span class=\"sc_button_text\"><span class=\"sc_button_title\">FORDERN SIE IHRE KOSTENLOSE BEWERTUNG AN<\/span><\/span><\/a><\/div>\t\t\t\t<\/div>\n\t\t\t\t<\/div>\n\t\t\t\t\t<\/div>\n\t\t<\/div>\n\t\t\t\t\t<\/div>\n\t\t<\/section>\n\t\t\t\t<\/div>\n\t\t\t\t<\/div>\n\t\t\t\t\t\t<\/div>\n\t\t\t\t<\/div>\n\t\t\t\t\t<\/div>\n\t\t<\/div>\n\t\t\t\t\t<\/div>\n\t\t<\/section>\n\t\t\t\t<\/div>\n\t\t","protected":false},"excerpt":{"rendered":"<p>Page (post) title F\u00dcR JEDEN RAUM SWISS MADE, MASSGEFERTIGT UND INNOVATIV Seit \u00fcber 50 Jahren ist Zurbuchen der vertrauensw\u00fcrdige Partner f\u00fcr Swiss Made Produkte, die Handwerkskunst und Innovation kombinieren, um&hellip;<\/p>\n","protected":false},"author":1,"featured_media":39319,"parent":0,"menu_order":0,"comment_status":"closed","ping_status":"closed","template":"","meta":{"inline_featured_image":false,"footnotes":""},"class_list":["post-39604","page","type-page","status-publish","has-post-thumbnail","hentry"],"_links":{"self":[{"href":"https:\/\/zurbuchensa.ch\/de\/wp-json\/wp\/v2\/pages\/39604","targetHints":{"allow":["GET"]}}],"collection":[{"href":"https:\/\/zurbuchensa.ch\/de\/wp-json\/wp\/v2\/pages"}],"about":[{"href":"https:\/\/zurbuchensa.ch\/de\/wp-json\/wp\/v2\/types\/page"}],"author":[{"embeddable":true,"href":"https:\/\/zurbuchensa.ch\/de\/wp-json\/wp\/v2\/users\/1"}],"replies":[{"embeddable":true,"href":"https:\/\/zurbuchensa.ch\/de\/wp-json\/wp\/v2\/comments?post=39604"}],"version-history":[{"count":14,"href":"https:\/\/zurbuchensa.ch\/de\/wp-json\/wp\/v2\/pages\/39604\/revisions"}],"predecessor-version":[{"id":40412,"href":"https:\/\/zurbuchensa.ch\/de\/wp-json\/wp\/v2\/pages\/39604\/revisions\/40412"}],"wp:featuredmedia":[{"embeddable":true,"href":"https:\/\/zurbuchensa.ch\/de\/wp-json\/wp\/v2\/media\/39319"}],"wp:attachment":[{"href":"https:\/\/zurbuchensa.ch\/de\/wp-json\/wp\/v2\/media?parent=39604"}],"curies":[{"name":"wp","href":"https:\/\/api.w.org\/{rel}","templated":true}]}}