 {"id":39636,"date":"2025-01-21T17:47:00","date_gmt":"2025-01-21T17:47:00","guid":{"rendered":"https:\/\/zurbuchensa.ch\/verandas\/"},"modified":"2025-04-15T13:21:47","modified_gmt":"2025-04-15T13:21:47","slug":"wintergarten","status":"publish","type":"page","link":"https:\/\/zurbuchensa.ch\/de\/wintergarten\/","title":{"rendered":"Winterg\u00e4rten"},"content":{"rendered":"\t\t<div data-elementor-type=\"wp-page\" data-elementor-id=\"39636\" class=\"elementor elementor-39636 elementor-35982\" data-elementor-post-type=\"page\">\n\t\t\t\t\t\t<section class=\"elementor-section elementor-top-section elementor-element elementor-element-659389d elementor-section-full_width elementor-section-content-middle scheme_dark elementor-section-stretched elementor-section-height-min-height elementor-section-height-default elementor-section-items-middle sc_fly_static\" data-id=\"659389d\" data-element_type=\"section\" data-e-type=\"section\" data-settings=\"{&quot;background_background&quot;:&quot;classic&quot;,&quot;stretch_section&quot;:&quot;section-stretched&quot;}\">\n\t\t\t\t\t\t\t<div class=\"elementor-background-overlay\"><\/div>\n\t\t\t\t\t\t\t<div class=\"elementor-container elementor-column-gap-no\">\n\t\t\t\t\t<div class=\"elementor-column elementor-col-100 elementor-top-column elementor-element elementor-element-4e38f65 sc_content_align_inherit sc_layouts_column_icons_position_left sc_fly_static\" data-id=\"4e38f65\" data-element_type=\"column\" data-e-type=\"column\">\n\t\t\t<div class=\"elementor-widget-wrap elementor-element-populated\">\n\t\t\t\t\t\t<section class=\"elementor-section elementor-inner-section elementor-element elementor-element-08171d4 elementor-section-full_width elementor-section-height-default elementor-section-height-default sc_fly_static\" data-id=\"08171d4\" data-element_type=\"section\" data-e-type=\"section\">\n\t\t\t\t\t\t<div class=\"elementor-container elementor-column-gap-extended\">\n\t\t\t\t\t<div class=\"elementor-column elementor-col-100 elementor-inner-column elementor-element elementor-element-72e814f sc_content_align_inherit sc_layouts_column_icons_position_left sc_fly_static\" data-id=\"72e814f\" data-element_type=\"column\" data-e-type=\"column\">\n\t\t\t<div class=\"elementor-widget-wrap elementor-element-populated\">\n\t\t\t\t\t\t<div class=\"elementor-element elementor-element-041f18f sc_fly_static elementor-widget elementor-widget-spacer\" data-id=\"041f18f\" data-element_type=\"widget\" data-e-type=\"widget\" data-widget_type=\"spacer.default\">\n\t\t\t\t<div class=\"elementor-widget-container\">\n\t\t\t\t\t\t\t<div class=\"elementor-spacer\">\n\t\t\t<div class=\"elementor-spacer-inner\"><\/div>\n\t\t<\/div>\n\t\t\t\t\t\t<\/div>\n\t\t\t\t<\/div>\n\t\t\t\t<div class=\"elementor-element elementor-element-9f3de5d sc_fly_static elementor-widget elementor-widget-trx_sc_layouts_title\" data-id=\"9f3de5d\" data-element_type=\"widget\" data-e-type=\"widget\" data-widget_type=\"trx_sc_layouts_title.default\">\n\t\t\t\t<div class=\"elementor-widget-container\">\n\t\t\t\t\t<div class=\"sc_layouts_title sc_align_center with_content without_image without_tint\" ><div class=\"sc_layouts_title_content\"><div class=\"sc_layouts_title_title\"><h1 class=\"sc_layouts_title_caption\">Winterg\u00e4rten<\/h1><\/div><\/div><\/div>\t\t\t\t<\/div>\n\t\t\t\t<\/div>\n\t\t\t\t<div class=\"elementor-element elementor-element-d469549 sc_fly_static elementor-widget elementor-widget-spacer\" data-id=\"d469549\" data-element_type=\"widget\" data-e-type=\"widget\" data-widget_type=\"spacer.default\">\n\t\t\t\t<div class=\"elementor-widget-container\">\n\t\t\t\t\t\t\t<div class=\"elementor-spacer\">\n\t\t\t<div class=\"elementor-spacer-inner\"><\/div>\n\t\t<\/div>\n\t\t\t\t\t\t<\/div>\n\t\t\t\t<\/div>\n\t\t\t\t<div class=\"elementor-element elementor-element-08ad60d elementor-view-default sc_fly_static elementor-widget elementor-widget-icon\" data-id=\"08ad60d\" data-element_type=\"widget\" data-e-type=\"widget\" data-widget_type=\"icon.default\">\n\t\t\t\t<div class=\"elementor-widget-container\">\n\t\t\t\t\t\t\t<div class=\"elementor-icon-wrapper\">\n\t\t\t<div class=\"elementor-icon\">\n\t\t\t<svg xmlns=\"http:\/\/www.w3.org\/2000\/svg\" width=\"14.626\" height=\"8.639\" viewBox=\"0 0 14.626 8.639\"><g id=\"down-arrow\" transform=\"translate(0 -70.698)\"><g id=\"Group_8820\" data-name=\"Group 8820\" transform=\"translate(0 100.698)\"><path id=\"Path_6507\" data-name=\"Path 6507\" d=\"M14.392,101.42l-.479-.482a.8.8,0,0,0-1.132,0L7.316,106.4l-5.472-5.472a.8.8,0,0,0-1.132,0l-.479.479a.8.8,0,0,0,0,1.131l6.515,6.538a.818.818,0,0,0,.567.257h0a.818.818,0,0,0,.566-.257l6.508-6.52a.808.808,0,0,0,.234-.571A.8.8,0,0,0,14.392,101.42Z\" transform=\"translate(0 -130.698)\"><\/path><\/g><\/g><\/svg>\t\t\t<\/div>\n\t\t<\/div>\n\t\t\t\t\t\t<\/div>\n\t\t\t\t<\/div>\n\t\t\t\t<div class=\"elementor-element elementor-element-ecae389 sc_fly_static elementor-widget elementor-widget-spacer\" data-id=\"ecae389\" data-element_type=\"widget\" data-e-type=\"widget\" data-widget_type=\"spacer.default\">\n\t\t\t\t<div class=\"elementor-widget-container\">\n\t\t\t\t\t\t\t<div class=\"elementor-spacer\">\n\t\t\t<div class=\"elementor-spacer-inner\"><\/div>\n\t\t<\/div>\n\t\t\t\t\t\t<\/div>\n\t\t\t\t<\/div>\n\t\t\t\t\t<\/div>\n\t\t<\/div>\n\t\t\t\t\t<\/div>\n\t\t<\/section>\n\t\t\t\t\t<\/div>\n\t\t<\/div>\n\t\t\t\t\t<\/div>\n\t\t<\/section>\n\t\t\t\t<section class=\"elementor-section elementor-top-section elementor-element elementor-element-7e9d455 elementor-section-boxed elementor-section-height-default elementor-section-height-default sc_fly_static\" data-id=\"7e9d455\" data-element_type=\"section\" data-e-type=\"section\">\n\t\t\t\t\t\t<div class=\"elementor-container elementor-column-gap-extended\">\n\t\t\t\t\t<div class=\"elementor-column elementor-col-100 elementor-top-column elementor-element elementor-element-340926b sc_content_align_inherit sc_layouts_column_icons_position_left sc_fly_static\" data-id=\"340926b\" data-element_type=\"column\" data-e-type=\"column\">\n\t\t\t<div class=\"elementor-widget-wrap elementor-element-populated\">\n\t\t\t\t\t\t<div class=\"elementor-element elementor-element-f55fb57 sc_height_huge sc_fly_static elementor-widget elementor-widget-spacer\" data-id=\"f55fb57\" data-element_type=\"widget\" data-e-type=\"widget\" data-widget_type=\"spacer.default\">\n\t\t\t\t<div class=\"elementor-widget-container\">\n\t\t\t\t\t\t\t<div class=\"elementor-spacer\">\n\t\t\t<div class=\"elementor-spacer-inner\"><\/div>\n\t\t<\/div>\n\t\t\t\t\t\t<\/div>\n\t\t\t\t<\/div>\n\t\t\t\t\t<\/div>\n\t\t<\/div>\n\t\t\t\t\t<\/div>\n\t\t<\/section>\n\t\t\t\t<section class=\"elementor-section elementor-top-section elementor-element elementor-element-d86520f elementor-section-boxed elementor-section-height-default elementor-section-height-default sc_fly_static\" data-id=\"d86520f\" data-element_type=\"section\" data-e-type=\"section\">\n\t\t\t\t\t\t<div class=\"elementor-container elementor-column-gap-extended\">\n\t\t\t\t\t<div class=\"elementor-column elementor-col-66 elementor-top-column elementor-element elementor-element-bc49581 sc_inner_width_1_1 sc_content_align_inherit sc_layouts_column_icons_position_left sc_fly_static\" data-id=\"bc49581\" data-element_type=\"column\" data-e-type=\"column\">\n\t\t\t<div class=\"elementor-widget-wrap elementor-element-populated\">\n\t\t\t\t\t\t<div class=\"elementor-element elementor-element-03b5b27 sc_fly_static elementor-widget elementor-widget-trx_sc_title\" data-id=\"03b5b27\" data-element_type=\"widget\" data-e-type=\"widget\" data-widget_type=\"trx_sc_title.default\">\n\t\t\t\t<div class=\"elementor-widget-container\">\n\t\t\t\t\t<div\t\tclass=\"sc_title sc_title_default\" ><h1 class=\"sc_item_title sc_title_title sc_item_title_style_default sc_item_title_tag\"\n\t\t\t><span class=\"sc_item_title_text\">MASSGEFERTIGTE WINTERG\u00c4RTEN: ERWEITERN SIE IHREN WOHNRAUM<\/span><\/h1><div class=\"sc_item_descr sc_title_descr sc_item_descr_with_custom_color trx_addons_inline_760898606\"><p>Die Winterg\u00e4rten von Zurbuchen sind darauf ausgelegt, Ihre Au\u00dfenbereiche in helle und komfortable Wohnr\u00e4ume zu verwandeln. Ob als Wintergarten, Esszimmer oder entspannender R\u00fcckzugsort \u2013 unsere individuell angefertigten Winterg\u00e4rten f\u00fcgen sich nahtlos in Ihr Zuhause ein. Dank ihrer hervorragenden W\u00e4rmed\u00e4mmung k\u00f6nnen Sie Ihren neuen Raum das ganze Jahr \u00fcber genie\u00dfen. Entdecken Sie unsere verschiedenen Modelle, um den Wintergarten zu finden, der perfekt zu Ihrem Stil und Ihren Bed\u00fcrfnissen passt.<\/p>\n<\/div><\/div>\t\t\t\t<\/div>\n\t\t\t\t<\/div>\n\t\t\t\t<div class=\"elementor-element elementor-element-fbf48d1 sc_fly_static elementor-widget elementor-widget-text-editor\" data-id=\"fbf48d1\" data-element_type=\"widget\" data-e-type=\"widget\" data-widget_type=\"text-editor.default\">\n\t\t\t\t<div class=\"elementor-widget-container\">\n\t\t\t\t\t\t\t\t\t<p>Erfahren Sie alle wichtigen Informationen \u00fcber Winterg\u00e4rten auf unserer speziellen Website: <a href=\"http:\/\/zurbuchenhabitat.ch\">zurbuchenhabitat.ch<\/a><\/p>\t\t\t\t\t\t\t\t<\/div>\n\t\t\t\t<\/div>\n\t\t\t\t<div class=\"elementor-element elementor-element-b6a6764 elementor-widget__width-initial sc_fly_static elementor-widget elementor-widget-image\" data-id=\"b6a6764\" data-element_type=\"widget\" data-e-type=\"widget\" data-widget_type=\"image.default\">\n\t\t\t\t<div class=\"elementor-widget-container\">\n\t\t\t\t\t\t\t\t\t\t\t\t\t\t\t<img decoding=\"async\" src=\"https:\/\/zurbuchensa.ch\/wp-content\/uploads\/elementor\/thumbs\/zurbuchen-veranda-classic-r0370fov1hgyq7qu64m9ed1y6fhqu4bfd8bmju3wvk.jpg\" title=\"zurbuchen-veranda-classic\" alt=\"zurbuchen-veranda-classic\" loading=\"lazy\" \/>\t\t\t\t\t\t\t\t\t\t\t\t\t\t\t<\/div>\n\t\t\t\t<\/div>\n\t\t\t\t<div class=\"elementor-element elementor-element-6c89ab7 elementor-widget__width-initial sc_fly_static elementor-widget elementor-widget-image\" data-id=\"6c89ab7\" data-element_type=\"widget\" data-e-type=\"widget\" data-widget_type=\"image.default\">\n\t\t\t\t<div class=\"elementor-widget-container\">\n\t\t\t\t\t\t\t\t\t\t\t\t\t\t\t<img decoding=\"async\" src=\"https:\/\/zurbuchensa.ch\/wp-content\/uploads\/elementor\/thumbs\/zurbuchen-verandas-classic-r0370vo49o2u7l3mktix2r0s9zazgz2v3fevpjg7xs.jpg\" title=\"zurbuchen-verandas-classic\" alt=\"zurbuchen-verandas-classic\" loading=\"lazy\" \/>\t\t\t\t\t\t\t\t\t\t\t\t\t\t\t<\/div>\n\t\t\t\t<\/div>\n\t\t\t\t\t<\/div>\n\t\t<\/div>\n\t\t\t\t<div class=\"elementor-column elementor-col-33 elementor-top-column elementor-element elementor-element-2325446 sc_content_align_inherit sc_layouts_column_icons_position_left sc_fly_static\" data-id=\"2325446\" data-element_type=\"column\" data-e-type=\"column\" data-settings=\"{&quot;background_background&quot;:&quot;classic&quot;}\">\n\t\t\t<div class=\"elementor-widget-wrap elementor-element-populated\">\n\t\t\t\t\t\t<div class=\"elementor-element elementor-element-891349c sc_fly_static elementor-widget elementor-widget-template\" data-id=\"891349c\" data-element_type=\"widget\" data-e-type=\"widget\" data-widget_type=\"template.default\">\n\t\t\t\t<div class=\"elementor-widget-container\">\n\t\t\t\t\t\t\t<div class=\"elementor-template\">\n\t\t\t\t\t<div data-elementor-type=\"page\" data-elementor-id=\"39685\" class=\"elementor elementor-39685 elementor-38112 elementor-38112\" data-elementor-post-type=\"elementor_library\">\n\t\t\t\t\t\t<section class=\"elementor-section elementor-top-section elementor-element elementor-element-5f4608e elementor-section-boxed elementor-section-height-default elementor-section-height-default sc_fly_static\" data-id=\"5f4608e\" data-element_type=\"section\" data-e-type=\"section\" data-settings=\"{&quot;background_background&quot;:&quot;classic&quot;}\">\n\t\t\t\t\t\t<div class=\"elementor-container elementor-column-gap-extended\">\n\t\t\t\t\t<div class=\"elementor-column elementor-col-100 elementor-top-column elementor-element elementor-element-18ef0bb sc_content_align_inherit sc_layouts_column_icons_position_left sc_fly_static\" data-id=\"18ef0bb\" data-element_type=\"column\" data-e-type=\"column\">\n\t\t\t<div class=\"elementor-widget-wrap elementor-element-populated\">\n\t\t\t\t\t\t<div class=\"elementor-element elementor-element-0eea0c9 sc_fly_static elementor-widget elementor-widget-text-editor\" data-id=\"0eea0c9\" data-element_type=\"widget\" data-e-type=\"widget\" data-widget_type=\"text-editor.default\">\n\t\t\t\t<div class=\"elementor-widget-container\">\n\t\t\t\t\t\t\t\t\tKONTAKTIEREN SIE UNS!\t\t\t\t\t\t\t\t<\/div>\n\t\t\t\t<\/div>\n\t\t\t\t<div data-animation-type=\"block\" class=\"elementor-element elementor-element-dfceed9 animation_type_block sc_fly_static elementor-invisible elementor-widget elementor-widget-trx_sc_button\" data-id=\"dfceed9\" data-element_type=\"widget\" data-e-type=\"widget\" data-settings=\"{&quot;_animation&quot;:&quot;buildera-fadeinright&quot;,&quot;_animation_delay&quot;:100}\" data-widget_type=\"trx_sc_button.default\">\n\t\t\t\t<div class=\"elementor-widget-container\">\n\t\t\t\t\t<div\tclass=\"sc_item_button sc_button_wrap\" ><a href=\"https:\/\/zurbuchensa.ch\/de\/kostenlose-bewertung\/\" class=\"sc_button sc_button_decoration sc_button_size_normal sc_button_icon_left color_style_link3\" ><span class=\"sc_button_text\"><span class=\"sc_button_title\">FORDERN SIE IHRE KOSTENLOSE BEWERTUNG AN<\/span><\/span><\/a><\/div>\t\t\t\t<\/div>\n\t\t\t\t<\/div>\n\t\t\t\t<div data-animation-type=\"block\" class=\"elementor-element elementor-element-98c9309 animation_type_block sc_fly_static elementor-invisible elementor-widget elementor-widget-trx_sc_button\" data-id=\"98c9309\" data-element_type=\"widget\" data-e-type=\"widget\" data-settings=\"{&quot;_animation&quot;:&quot;buildera-fadeinright&quot;,&quot;_animation_delay&quot;:100}\" data-widget_type=\"trx_sc_button.default\">\n\t\t\t\t<div class=\"elementor-widget-container\">\n\t\t\t\t\t<div\tclass=\"sc_item_button sc_button_wrap\" ><a href=\"https:\/\/zurbuchensa.ch\/de\/kostenloser-kostenvoranschlag\/\" class=\"sc_button sc_button_decoration sc_button_size_normal sc_button_icon_left color_style_link3\" ><span class=\"sc_button_text\"><span class=\"sc_button_title\">ERHALTEN SIE EIN PERSONALISIERTES ANGEBOT<\/span><\/span><\/a><\/div>\t\t\t\t<\/div>\n\t\t\t\t<\/div>\n\t\t\t\t<div class=\"elementor-element elementor-element-eaf4295 sc_fly_static elementor-widget elementor-widget-text-editor\" data-id=\"eaf4295\" data-element_type=\"widget\" data-e-type=\"widget\" data-widget_type=\"text-editor.default\">\n\t\t\t\t<div class=\"elementor-widget-container\">\n\t\t\t\t\t\t\t\t\tKontaktinformationen\t\t\t\t\t\t\t\t<\/div>\n\t\t\t\t<\/div>\n\t\t\t\t<div class=\"elementor-element elementor-element-7732700 sc_fly_static elementor-widget elementor-widget-text-editor\" data-id=\"7732700\" data-element_type=\"widget\" data-e-type=\"widget\" data-widget_type=\"text-editor.default\">\n\t\t\t\t<div class=\"elementor-widget-container\">\n\t\t\t\t\t\t\t\t\t<p>Rue de la Gare 5<br \/>1312 Ecl\u00e9pens, Schweizer<\/p>\t\t\t\t\t\t\t\t<\/div>\n\t\t\t\t<\/div>\n\t\t\t\t<div class=\"elementor-element elementor-element-2104f57 sc_fly_static elementor-widget elementor-widget-text-editor\" data-id=\"2104f57\" data-element_type=\"widget\" data-e-type=\"widget\" data-widget_type=\"text-editor.default\">\n\t\t\t\t<div class=\"elementor-widget-container\">\n\t\t\t\t\t\t\t\t\t<span style=\"text-decoration: underline;\"><a href=\"mailto:info@zurbuchenhabitat.ch\">info@zurbuchenhabitat.ch<\/a>\u00a0<\/span>\t\t\t\t\t\t\t\t<\/div>\n\t\t\t\t<\/div>\n\t\t\t\t<div class=\"elementor-element elementor-element-381f1ad sc_fly_static elementor-widget elementor-widget-text-editor\" data-id=\"381f1ad\" data-element_type=\"widget\" data-e-type=\"widget\" data-widget_type=\"text-editor.default\">\n\t\t\t\t<div class=\"elementor-widget-container\">\n\t\t\t\t\t\t\t\t\t(+41) 021 866 14 14\t\t\t\t\t\t\t\t<\/div>\n\t\t\t\t<\/div>\n\t\t\t\t<div class=\"elementor-element elementor-element-d6e35f9 elementor-icon-list--layout-inline elementor-list-item-link-full_width sc_fly_static elementor-widget elementor-widget-icon-list\" data-id=\"d6e35f9\" data-element_type=\"widget\" data-e-type=\"widget\" data-widget_type=\"icon-list.default\">\n\t\t\t\t<div class=\"elementor-widget-container\">\n\t\t\t\t\t\t\t<ul class=\"elementor-icon-list-items elementor-inline-items\">\n\t\t\t\t\t\t\t<li class=\"elementor-icon-list-item elementor-inline-item\">\n\t\t\t\t\t\t\t\t\t\t\t<a href=\"https:\/\/www.facebook.com\/zurbuchenhabitat\/\" target=\"_blank\">\n\n\t\t\t\t\t\t\t\t\t\t\t\t<span class=\"elementor-icon-list-icon\">\n\t\t\t\t\t\t\t<i aria-hidden=\"true\" class=\"fab fa-facebook-f\"><\/i>\t\t\t\t\t\t<\/span>\n\t\t\t\t\t\t\t\t\t\t<span class=\"elementor-icon-list-text\"><\/span>\n\t\t\t\t\t\t\t\t\t\t\t<\/a>\n\t\t\t\t\t\t\t\t\t<\/li>\n\t\t\t\t\t\t\t\t<li class=\"elementor-icon-list-item elementor-inline-item\">\n\t\t\t\t\t\t\t\t\t\t\t<a href=\"https:\/\/www.instagram.com\/zurbuchenfenetres\/\" target=\"_blank\">\n\n\t\t\t\t\t\t\t\t\t\t\t\t<span class=\"elementor-icon-list-icon\">\n\t\t\t\t\t\t\t<i aria-hidden=\"true\" class=\"fab fa-instagram\"><\/i>\t\t\t\t\t\t<\/span>\n\t\t\t\t\t\t\t\t\t\t<span class=\"elementor-icon-list-text\"><\/span>\n\t\t\t\t\t\t\t\t\t\t\t<\/a>\n\t\t\t\t\t\t\t\t\t<\/li>\n\t\t\t\t\t\t\t\t<li class=\"elementor-icon-list-item elementor-inline-item\">\n\t\t\t\t\t\t\t\t\t\t\t<a href=\"https:\/\/www.linkedin.com\/company\/zurbuchenhabitat\/\" target=\"_blank\">\n\n\t\t\t\t\t\t\t\t\t\t\t\t<span class=\"elementor-icon-list-icon\">\n\t\t\t\t\t\t\t<i aria-hidden=\"true\" class=\"fab fa-linkedin-in\"><\/i>\t\t\t\t\t\t<\/span>\n\t\t\t\t\t\t\t\t\t\t<span class=\"elementor-icon-list-text\"><\/span>\n\t\t\t\t\t\t\t\t\t\t\t<\/a>\n\t\t\t\t\t\t\t\t\t<\/li>\n\t\t\t\t\t\t<\/ul>\n\t\t\t\t\t\t<\/div>\n\t\t\t\t<\/div>\n\t\t\t\t\t<\/div>\n\t\t<\/div>\n\t\t\t\t\t<\/div>\n\t\t<\/section>\n\t\t\t\t<\/div>\n\t\t\t\t<\/div>\n\t\t\t\t\t\t<\/div>\n\t\t\t\t<\/div>\n\t\t\t\t\t<\/div>\n\t\t<\/div>\n\t\t\t\t\t<\/div>\n\t\t<\/section>\n\t\t\t\t<section class=\"elementor-section elementor-top-section elementor-element elementor-element-3dfd429 sc_layouts_hide_on_wide sc_layouts_hide_on_desktop sc_layouts_hide_on_notebook sc_layouts_hide_on_tablet sc_layouts_hide_on_mobile elementor-section-boxed elementor-section-height-default elementor-section-height-default sc_fly_static\" data-id=\"3dfd429\" data-element_type=\"section\" data-e-type=\"section\">\n\t\t\t\t\t\t<div class=\"elementor-container elementor-column-gap-extended\">\n\t\t\t\t\t<div class=\"elementor-column elementor-col-66 elementor-top-column elementor-element elementor-element-aaa8394 sc_content_align_inherit sc_layouts_column_icons_position_left sc_fly_static\" data-id=\"aaa8394\" data-element_type=\"column\" data-e-type=\"column\">\n\t\t\t<div class=\"elementor-widget-wrap elementor-element-populated\">\n\t\t\t\t\t\t<div class=\"elementor-element elementor-element-30e57f7 sc_fly_static elementor-widget elementor-widget-trx_sc_title\" data-id=\"30e57f7\" data-element_type=\"widget\" data-e-type=\"widget\" data-widget_type=\"trx_sc_title.default\">\n\t\t\t\t<div class=\"elementor-widget-container\">\n\t\t\t\t\t<div\t\tclass=\"sc_title sc_title_default\" ><h1 class=\"sc_item_title sc_title_title sc_item_title_style_default sc_item_title_tag\"\n\t\t\t><span class=\"sc_item_title_text\">V\u00c9RANDAS MODERNES : DESIGN \u00c9PUR\u00c9 ET LUMI\u00c8RE NATURELLE<\/span><\/h1><div class=\"sc_item_descr sc_title_descr sc_item_descr_with_custom_color trx_addons_inline_101811182\"><p>Nos v\u00e9randas modernes sont caract\u00e9ris\u00e9es par des surfaces vitr\u00e9es g\u00e9n\u00e9reuses et des lignes \u00e9pur\u00e9es, cr\u00e9ant une connexion fluide entre l\u2019int\u00e9rieur et l\u2019ext\u00e9rieur. Parfaites pour les architectures contemporaines, elles maximisent l\u2019apport de lumi\u00e8re tout en maintenant une isolation optimale. <\/p>\n<\/div><\/div>\t\t\t\t<\/div>\n\t\t\t\t<\/div>\n\t\t\t\t<div class=\"elementor-element elementor-element-80d236c elementor-widget__width-initial sc_fly_static elementor-widget elementor-widget-image\" data-id=\"80d236c\" data-element_type=\"widget\" data-e-type=\"widget\" data-widget_type=\"image.default\">\n\t\t\t\t<div class=\"elementor-widget-container\">\n\t\t\t\t\t\t\t\t\t\t\t\t\t\t\t<img fetchpriority=\"high\" decoding=\"async\" width=\"386\" height=\"376\" src=\"https:\/\/zurbuchensa.ch\/wp-content\/uploads\/2025\/01\/zurbuchen-veranda-modern-light.jpg\" class=\"attachment-large size-large wp-image-39365\" alt=\"\" srcset=\"https:\/\/zurbuchensa.ch\/wp-content\/uploads\/2025\/01\/zurbuchen-veranda-modern-light.jpg 386w, https:\/\/zurbuchensa.ch\/wp-content\/uploads\/2025\/01\/zurbuchen-veranda-modern-light-300x292.jpg 300w, https:\/\/zurbuchensa.ch\/wp-content\/uploads\/2025\/01\/zurbuchen-veranda-modern-light-370x360.jpg 370w\" sizes=\"(max-width: 600px) 100vw, 386px\" \/>\t\t\t\t\t\t\t\t\t\t\t\t\t\t\t<\/div>\n\t\t\t\t<\/div>\n\t\t\t\t<div class=\"elementor-element elementor-element-0306bd7 elementor-widget__width-initial sc_fly_static elementor-widget elementor-widget-image\" data-id=\"0306bd7\" data-element_type=\"widget\" data-e-type=\"widget\" data-widget_type=\"image.default\">\n\t\t\t\t<div class=\"elementor-widget-container\">\n\t\t\t\t\t\t\t\t\t\t\t\t\t\t\t<img decoding=\"async\" width=\"386\" height=\"376\" src=\"https:\/\/zurbuchensa.ch\/wp-content\/uploads\/2025\/01\/zurbuchen-verandas-modern-light.jpg\" class=\"attachment-large size-large wp-image-39367\" alt=\"\" srcset=\"https:\/\/zurbuchensa.ch\/wp-content\/uploads\/2025\/01\/zurbuchen-verandas-modern-light.jpg 386w, https:\/\/zurbuchensa.ch\/wp-content\/uploads\/2025\/01\/zurbuchen-verandas-modern-light-300x292.jpg 300w, https:\/\/zurbuchensa.ch\/wp-content\/uploads\/2025\/01\/zurbuchen-verandas-modern-light-370x360.jpg 370w\" sizes=\"(max-width: 600px) 100vw, 386px\" \/>\t\t\t\t\t\t\t\t\t\t\t\t\t\t\t<\/div>\n\t\t\t\t<\/div>\n\t\t\t\t<div class=\"elementor-element elementor-element-15d395d sc_fly_static elementor-widget elementor-widget-trx_sc_title\" data-id=\"15d395d\" data-element_type=\"widget\" data-e-type=\"widget\" data-widget_type=\"trx_sc_title.default\">\n\t\t\t\t<div class=\"elementor-widget-container\">\n\t\t\t\t\t<div\t\tclass=\"sc_title sc_title_default\" ><h1 class=\"sc_item_title sc_title_title sc_item_title_style_default sc_item_title_tag\"\n\t\t\t><span class=\"sc_item_title_text\">V\u00c9RANDAS JARDIN D\u2019HIVER : ESPACE LUMINEUX POUR VOS PLANTES ET VOTRE D\u00c9TENTE<\/span><\/h1><div class=\"sc_item_descr sc_title_descr sc_item_descr_with_custom_color trx_addons_inline_297642727\"><p>Les v\u00e9randas jardin d\u2019hiver sont id\u00e9ales pour ceux qui souhaitent cr\u00e9er un espace chaleureux et lumineux, propice \u00e0 la d\u00e9tente et \u00e0 la croissance des plantes. Con\u00e7ues pour maximiser l\u2019apport de lumi\u00e8re naturelle, elles maintiennent une temp\u00e9rature agr\u00e9able en toute saison.<\/p>\n<\/div><\/div>\t\t\t\t<\/div>\n\t\t\t\t<\/div>\n\t\t\t\t<div class=\"elementor-element elementor-element-189c0a4 sc_fly_static elementor-widget elementor-widget-text-editor\" data-id=\"189c0a4\" data-element_type=\"widget\" data-e-type=\"widget\" data-widget_type=\"text-editor.default\">\n\t\t\t\t<div class=\"elementor-widget-container\">\n\t\t\t\t\t\t\t\t\t<ul>\n \t<li>Apport de lumi\u00e8re naturelle pour vos plantes<\/li><br>\n\n \t<li>Isolation thermique pour un confort en hiver<\/li><br>\n\n \n \t<li>Un espace nature \u00e0 l\u2019int\u00e9rieur<\/li>\n \t<br><li>Personnalisation selon vos besoins<\/li>\n<\/ul>\n\t\t\t\t\t\t\t\t<\/div>\n\t\t\t\t<\/div>\n\t\t\t\t<div class=\"elementor-element elementor-element-52982ff elementor-widget__width-initial sc_fly_static elementor-widget elementor-widget-image\" data-id=\"52982ff\" data-element_type=\"widget\" data-e-type=\"widget\" data-widget_type=\"image.default\">\n\t\t\t\t<div class=\"elementor-widget-container\">\n\t\t\t\t\t\t\t\t\t\t\t\t\t\t\t<img decoding=\"async\" width=\"386\" height=\"376\" src=\"https:\/\/zurbuchensa.ch\/wp-content\/uploads\/2025\/01\/zurbuchen-veranda-winter-garden-product.jpg\" class=\"attachment-large size-large wp-image-39369\" alt=\"\" srcset=\"https:\/\/zurbuchensa.ch\/wp-content\/uploads\/2025\/01\/zurbuchen-veranda-winter-garden-product.jpg 386w, https:\/\/zurbuchensa.ch\/wp-content\/uploads\/2025\/01\/zurbuchen-veranda-winter-garden-product-300x292.jpg 300w, https:\/\/zurbuchensa.ch\/wp-content\/uploads\/2025\/01\/zurbuchen-veranda-winter-garden-product-370x360.jpg 370w\" sizes=\"(max-width: 600px) 100vw, 386px\" \/>\t\t\t\t\t\t\t\t\t\t\t\t\t\t\t<\/div>\n\t\t\t\t<\/div>\n\t\t\t\t<div class=\"elementor-element elementor-element-2d9075b elementor-widget__width-initial sc_fly_static elementor-widget elementor-widget-image\" data-id=\"2d9075b\" data-element_type=\"widget\" data-e-type=\"widget\" data-widget_type=\"image.default\">\n\t\t\t\t<div class=\"elementor-widget-container\">\n\t\t\t\t\t\t\t\t\t\t\t\t\t\t\t<img loading=\"lazy\" decoding=\"async\" width=\"386\" height=\"376\" src=\"https:\/\/zurbuchensa.ch\/wp-content\/uploads\/2025\/01\/zurbuchen-veranda.png\" class=\"attachment-large size-large wp-image-39371\" alt=\"\" srcset=\"https:\/\/zurbuchensa.ch\/wp-content\/uploads\/2025\/01\/zurbuchen-veranda.png 386w, https:\/\/zurbuchensa.ch\/wp-content\/uploads\/2025\/01\/zurbuchen-veranda-300x292.png 300w, https:\/\/zurbuchensa.ch\/wp-content\/uploads\/2025\/01\/zurbuchen-veranda-370x360.png 370w\" sizes=\"(max-width: 600px) 100vw, 386px\" \/>\t\t\t\t\t\t\t\t\t\t\t\t\t\t\t<\/div>\n\t\t\t\t<\/div>\n\t\t\t\t\t<\/div>\n\t\t<\/div>\n\t\t\t\t<div class=\"elementor-column elementor-col-33 elementor-top-column elementor-element elementor-element-0a67b48 sc_content_align_inherit sc_layouts_column_icons_position_left sc_fly_static\" data-id=\"0a67b48\" data-element_type=\"column\" data-e-type=\"column\">\n\t\t\t<div class=\"elementor-widget-wrap\">\n\t\t\t\t\t\t\t<\/div>\n\t\t<\/div>\n\t\t\t\t\t<\/div>\n\t\t<\/section>\n\t\t\t\t<\/div>\n\t\t","protected":false},"excerpt":{"rendered":"<p>Page (post) title MASSGEFERTIGTE WINTERG\u00c4RTEN: ERWEITERN SIE IHREN WOHNRAUM Die Winterg\u00e4rten von Zurbuchen sind darauf ausgelegt, Ihre Au\u00dfenbereiche in helle und komfortable Wohnr\u00e4ume zu verwandeln. Ob als Wintergarten, Esszimmer oder&hellip;<\/p>\n","protected":false},"author":1,"featured_media":39357,"parent":0,"menu_order":0,"comment_status":"closed","ping_status":"closed","template":"","meta":{"inline_featured_image":false,"footnotes":""},"class_list":["post-39636","page","type-page","status-publish","has-post-thumbnail","hentry"],"_links":{"self":[{"href":"https:\/\/zurbuchensa.ch\/de\/wp-json\/wp\/v2\/pages\/39636","targetHints":{"allow":["GET"]}}],"collection":[{"href":"https:\/\/zurbuchensa.ch\/de\/wp-json\/wp\/v2\/pages"}],"about":[{"href":"https:\/\/zurbuchensa.ch\/de\/wp-json\/wp\/v2\/types\/page"}],"author":[{"embeddable":true,"href":"https:\/\/zurbuchensa.ch\/de\/wp-json\/wp\/v2\/users\/1"}],"replies":[{"embeddable":true,"href":"https:\/\/zurbuchensa.ch\/de\/wp-json\/wp\/v2\/comments?post=39636"}],"version-history":[{"count":6,"href":"https:\/\/zurbuchensa.ch\/de\/wp-json\/wp\/v2\/pages\/39636\/revisions"}],"predecessor-version":[{"id":40189,"href":"https:\/\/zurbuchensa.ch\/de\/wp-json\/wp\/v2\/pages\/39636\/revisions\/40189"}],"wp:featuredmedia":[{"embeddable":true,"href":"https:\/\/zurbuchensa.ch\/de\/wp-json\/wp\/v2\/media\/39357"}],"wp:attachment":[{"href":"https:\/\/zurbuchensa.ch\/de\/wp-json\/wp\/v2\/media?parent=39636"}],"curies":[{"name":"wp","href":"https:\/\/api.w.org\/{rel}","templated":true}]}}