 {"id":39649,"date":"2025-01-17T11:10:00","date_gmt":"2025-01-17T11:10:00","guid":{"rendered":"https:\/\/zurbuchensa.ch\/catalogues\/"},"modified":"2025-07-14T07:46:05","modified_gmt":"2025-07-14T07:46:05","slug":"dokumentation","status":"publish","type":"page","link":"https:\/\/zurbuchensa.ch\/de\/dokumentation\/","title":{"rendered":"Dokumentation"},"content":{"rendered":"\t\t<div data-elementor-type=\"wp-page\" data-elementor-id=\"39649\" class=\"elementor elementor-39649 elementor-36355\" data-elementor-post-type=\"page\">\n\t\t\t\t\t\t<section class=\"elementor-section elementor-top-section elementor-element elementor-element-90bb5ac elementor-section-full_width elementor-section-content-middle scheme_dark elementor-section-stretched elementor-section-height-min-height elementor-section-height-default elementor-section-items-middle sc_fly_static\" data-id=\"90bb5ac\" data-element_type=\"section\" data-e-type=\"section\" data-settings=\"{&quot;background_background&quot;:&quot;classic&quot;,&quot;stretch_section&quot;:&quot;section-stretched&quot;}\">\n\t\t\t\t\t\t\t<div class=\"elementor-background-overlay\"><\/div>\n\t\t\t\t\t\t\t<div class=\"elementor-container elementor-column-gap-no\">\n\t\t\t\t\t<div class=\"elementor-column elementor-col-100 elementor-top-column elementor-element elementor-element-79aadb0 sc_content_align_inherit sc_layouts_column_icons_position_left sc_fly_static\" data-id=\"79aadb0\" data-element_type=\"column\" data-e-type=\"column\">\n\t\t\t<div class=\"elementor-widget-wrap elementor-element-populated\">\n\t\t\t\t\t\t<section class=\"elementor-section elementor-inner-section elementor-element elementor-element-6920e10 elementor-section-full_width elementor-section-height-default elementor-section-height-default sc_fly_static\" data-id=\"6920e10\" data-element_type=\"section\" data-e-type=\"section\">\n\t\t\t\t\t\t<div class=\"elementor-container elementor-column-gap-extended\">\n\t\t\t\t\t<div class=\"elementor-column elementor-col-100 elementor-inner-column elementor-element elementor-element-460978a sc_content_align_inherit sc_layouts_column_icons_position_left sc_fly_static\" data-id=\"460978a\" data-element_type=\"column\" data-e-type=\"column\">\n\t\t\t<div class=\"elementor-widget-wrap elementor-element-populated\">\n\t\t\t\t\t\t<div class=\"elementor-element elementor-element-e31f359 sc_fly_static elementor-widget elementor-widget-spacer\" data-id=\"e31f359\" data-element_type=\"widget\" data-e-type=\"widget\" data-widget_type=\"spacer.default\">\n\t\t\t\t<div class=\"elementor-widget-container\">\n\t\t\t\t\t\t\t<div class=\"elementor-spacer\">\n\t\t\t<div class=\"elementor-spacer-inner\"><\/div>\n\t\t<\/div>\n\t\t\t\t\t\t<\/div>\n\t\t\t\t<\/div>\n\t\t\t\t<div class=\"elementor-element elementor-element-4dcb69d sc_fly_static elementor-widget elementor-widget-trx_sc_layouts_title\" data-id=\"4dcb69d\" data-element_type=\"widget\" data-e-type=\"widget\" data-widget_type=\"trx_sc_layouts_title.default\">\n\t\t\t\t<div class=\"elementor-widget-container\">\n\t\t\t\t\t<div class=\"sc_layouts_title sc_align_center with_content without_image without_tint\" ><div class=\"sc_layouts_title_content\"><div class=\"sc_layouts_title_title\"><h1 class=\"sc_layouts_title_caption\">Dokumentation<\/h1><\/div><\/div><\/div>\t\t\t\t<\/div>\n\t\t\t\t<\/div>\n\t\t\t\t<div class=\"elementor-element elementor-element-4c2e27c sc_fly_static elementor-widget elementor-widget-spacer\" data-id=\"4c2e27c\" data-element_type=\"widget\" data-e-type=\"widget\" data-widget_type=\"spacer.default\">\n\t\t\t\t<div class=\"elementor-widget-container\">\n\t\t\t\t\t\t\t<div class=\"elementor-spacer\">\n\t\t\t<div class=\"elementor-spacer-inner\"><\/div>\n\t\t<\/div>\n\t\t\t\t\t\t<\/div>\n\t\t\t\t<\/div>\n\t\t\t\t<div class=\"elementor-element elementor-element-ea252dd elementor-view-default sc_fly_static elementor-widget elementor-widget-icon\" data-id=\"ea252dd\" data-element_type=\"widget\" data-e-type=\"widget\" data-widget_type=\"icon.default\">\n\t\t\t\t<div class=\"elementor-widget-container\">\n\t\t\t\t\t\t\t<div class=\"elementor-icon-wrapper\">\n\t\t\t<div class=\"elementor-icon\">\n\t\t\t<svg xmlns=\"http:\/\/www.w3.org\/2000\/svg\" width=\"14.626\" height=\"8.639\" viewBox=\"0 0 14.626 8.639\"><g id=\"down-arrow\" transform=\"translate(0 -70.698)\"><g id=\"Group_8820\" data-name=\"Group 8820\" transform=\"translate(0 100.698)\"><path id=\"Path_6507\" data-name=\"Path 6507\" d=\"M14.392,101.42l-.479-.482a.8.8,0,0,0-1.132,0L7.316,106.4l-5.472-5.472a.8.8,0,0,0-1.132,0l-.479.479a.8.8,0,0,0,0,1.131l6.515,6.538a.818.818,0,0,0,.567.257h0a.818.818,0,0,0,.566-.257l6.508-6.52a.808.808,0,0,0,.234-.571A.8.8,0,0,0,14.392,101.42Z\" transform=\"translate(0 -130.698)\"><\/path><\/g><\/g><\/svg>\t\t\t<\/div>\n\t\t<\/div>\n\t\t\t\t\t\t<\/div>\n\t\t\t\t<\/div>\n\t\t\t\t<div class=\"elementor-element elementor-element-ac68b81 sc_fly_static elementor-widget elementor-widget-spacer\" data-id=\"ac68b81\" data-element_type=\"widget\" data-e-type=\"widget\" data-widget_type=\"spacer.default\">\n\t\t\t\t<div class=\"elementor-widget-container\">\n\t\t\t\t\t\t\t<div class=\"elementor-spacer\">\n\t\t\t<div class=\"elementor-spacer-inner\"><\/div>\n\t\t<\/div>\n\t\t\t\t\t\t<\/div>\n\t\t\t\t<\/div>\n\t\t\t\t\t<\/div>\n\t\t<\/div>\n\t\t\t\t\t<\/div>\n\t\t<\/section>\n\t\t\t\t\t<\/div>\n\t\t<\/div>\n\t\t\t\t\t<\/div>\n\t\t<\/section>\n\t\t\t\t<section class=\"elementor-section-with-custom-width elementor-section elementor-top-section elementor-element elementor-element-ae171e4 elementor-section-stretched elementor-section-boxed elementor-section-height-default elementor-section-height-default sc_fly_static\" data-id=\"ae171e4\" data-element_type=\"section\" data-e-type=\"section\" data-settings=\"{&quot;stretch_section&quot;:&quot;section-stretched&quot;,&quot;background_background&quot;:&quot;classic&quot;}\">\n\t\t\t\t\t\t<div class=\"elementor-container elementor-column-gap-extended\">\n\t\t\t\t\t<div class=\"elementor-column elementor-col-100 elementor-top-column elementor-element elementor-element-18db781 sc_content_align_inherit sc_layouts_column_icons_position_left sc_fly_static\" data-id=\"18db781\" data-element_type=\"column\" data-e-type=\"column\">\n\t\t\t<div class=\"elementor-widget-wrap elementor-element-populated\">\n\t\t\t\t\t\t<div class=\"elementor-element elementor-element-e2b028a sc_height_huge sc_fly_static elementor-widget elementor-widget-spacer\" data-id=\"e2b028a\" data-element_type=\"widget\" data-e-type=\"widget\" data-widget_type=\"spacer.default\">\n\t\t\t\t<div class=\"elementor-widget-container\">\n\t\t\t\t\t\t\t<div class=\"elementor-spacer\">\n\t\t\t<div class=\"elementor-spacer-inner\"><\/div>\n\t\t<\/div>\n\t\t\t\t\t\t<\/div>\n\t\t\t\t<\/div>\n\t\t\t\t<div class=\"elementor-element elementor-element-d3f84e5 sc_fly_static elementor-widget elementor-widget-trx_sc_title\" data-id=\"d3f84e5\" data-element_type=\"widget\" data-e-type=\"widget\" data-widget_type=\"trx_sc_title.default\">\n\t\t\t\t<div class=\"elementor-widget-container\">\n\t\t\t\t\t<div\t\tclass=\"sc_title sc_title_default\" ><span class=\"sc_item_subtitle sc_title_subtitle sc_align_center sc_item_subtitle_above sc_item_title_style_default\">UNSERE KATALOGE UND BROSCH\u00dcREN<\/span><h1 class=\"sc_item_title sc_title_title sc_align_center sc_item_title_style_default sc_item_title_tag\"\n\t\t\t><span class=\"sc_item_title_text\">Durchsuchen und laden Sie unsere Online-Kataloge herunter<\/span><\/h1><\/div>\t\t\t\t<\/div>\n\t\t\t\t<\/div>\n\t\t\t\t<div class=\"elementor-element elementor-element-bec4db1 sc_fly_static elementor-widget elementor-widget-spacer\" data-id=\"bec4db1\" data-element_type=\"widget\" data-e-type=\"widget\" data-widget_type=\"spacer.default\">\n\t\t\t\t<div class=\"elementor-widget-container\">\n\t\t\t\t\t\t\t<div class=\"elementor-spacer\">\n\t\t\t<div class=\"elementor-spacer-inner\"><\/div>\n\t\t<\/div>\n\t\t\t\t\t\t<\/div>\n\t\t\t\t<\/div>\n\t\t\t\t<div class=\"elementor-element elementor-element-d718817 sc_fly_static elementor-widget elementor-widget-text-editor\" data-id=\"d718817\" data-element_type=\"widget\" data-e-type=\"widget\" data-widget_type=\"text-editor.default\">\n\t\t\t\t<div class=\"elementor-widget-container\">\n\t\t\t\t\t\t\t\t\t<p>F\u00fcr ein optimales Erlebnis stehen Ihnen unsere Brosch\u00fcren und Kataloge auch als Bl\u00e4tterversion online zur Verf\u00fcgung. Sehen Sie sich jedes Dokument direkt in Ihrem Browser an, um unsere Produkte zu erkunden, unsere Verpflichtungen zu entdecken und unsere Pflegeempfehlungen zu konsultieren, als w\u00fcrden Sie einen gedruckten Katalog durchbl\u00e4ttern. Wenn Sie ein Exemplar behalten m\u00f6chten, k\u00f6nnen Sie jede Brosch\u00fcre auch als PDF herunterladen.<\/p>\t\t\t\t\t\t\t\t<\/div>\n\t\t\t\t<\/div>\n\t\t\t\t<div class=\"elementor-element elementor-element-cc0ed54 sc_height_medium sc_fly_static elementor-widget elementor-widget-spacer\" data-id=\"cc0ed54\" data-element_type=\"widget\" data-e-type=\"widget\" data-widget_type=\"spacer.default\">\n\t\t\t\t<div class=\"elementor-widget-container\">\n\t\t\t\t\t\t\t<div class=\"elementor-spacer\">\n\t\t\t<div class=\"elementor-spacer-inner\"><\/div>\n\t\t<\/div>\n\t\t\t\t\t\t<\/div>\n\t\t\t\t<\/div>\n\t\t\t\t\t<\/div>\n\t\t<\/div>\n\t\t\t\t\t<\/div>\n\t\t<\/section>\n\t\t\t\t<section class=\"elementor-section elementor-top-section elementor-element elementor-element-42a8fff elementor-section-stretched elementor-section-boxed elementor-section-height-default elementor-section-height-default sc_fly_static\" data-id=\"42a8fff\" data-element_type=\"section\" data-e-type=\"section\" data-settings=\"{&quot;stretch_section&quot;:&quot;section-stretched&quot;}\">\n\t\t\t\t\t\t<div class=\"elementor-container elementor-column-gap-no\">\n\t\t\t\t\t<div class=\"elementor-column elementor-col-50 elementor-top-column elementor-element elementor-element-34cd2d7 sc_content_align_inherit sc_layouts_column_icons_position_left sc_fly_static\" data-id=\"34cd2d7\" data-element_type=\"column\" data-e-type=\"column\" data-settings=\"{&quot;background_background&quot;:&quot;classic&quot;}\">\n\t\t\t<div class=\"elementor-widget-wrap elementor-element-populated\">\n\t\t\t\t\t\t<section class=\"elementor-section elementor-inner-section elementor-element elementor-element-f328570 elementor-section-boxed elementor-section-height-default elementor-section-height-default sc_fly_static\" data-id=\"f328570\" data-element_type=\"section\" data-e-type=\"section\" data-settings=\"{&quot;background_background&quot;:&quot;classic&quot;}\">\n\t\t\t\t\t\t<div class=\"elementor-container elementor-column-gap-extended\">\n\t\t\t\t\t<div class=\"elementor-column elementor-col-100 elementor-inner-column elementor-element elementor-element-015daf7 sc_content_align_inherit sc_layouts_column_icons_position_left sc_fly_static\" data-id=\"015daf7\" data-element_type=\"column\" data-e-type=\"column\">\n\t\t\t<div class=\"elementor-widget-wrap elementor-element-populated\">\n\t\t\t\t\t\t<section class=\"elementor-section elementor-inner-section elementor-element elementor-element-392f19e elementor-section-content-bottom elementor-section-boxed elementor-section-height-default elementor-section-height-default sc_fly_static\" data-id=\"392f19e\" data-element_type=\"section\" data-e-type=\"section\">\n\t\t\t\t\t\t<div class=\"elementor-container elementor-column-gap-no\">\n\t\t\t\t\t<div class=\"elementor-column elementor-col-100 elementor-inner-column elementor-element elementor-element-cce7a5e sc_content_align_inherit sc_layouts_column_icons_position_left sc_fly_static\" data-id=\"cce7a5e\" data-element_type=\"column\" data-e-type=\"column\">\n\t\t\t<div class=\"elementor-widget-wrap elementor-element-populated\">\n\t\t\t\t\t\t<div data-animation-type=\"block\" class=\"elementor-element elementor-element-f95b848 elementor-widget__width-initial elementor-absolute scheme_dark carre-pro-bat animation_type_block sc_fly_static elementor-invisible elementor-widget elementor-widget-trx_sc_title\" data-id=\"f95b848\" data-element_type=\"widget\" data-e-type=\"widget\" data-settings=\"{&quot;_position&quot;:&quot;absolute&quot;,&quot;_animation&quot;:&quot;buildera-fadeinup&quot;,&quot;_animation_delay&quot;:100}\" data-widget_type=\"trx_sc_title.default\">\n\t\t\t\t<div class=\"elementor-widget-container\">\n\t\t\t\t\t<div\t\tclass=\"sc_title color_style_dark scheme_dark sc_title_default\" ><h3 class=\"sc_item_title sc_title_title sc_item_title_style_default sc_item_title_tag trx_addons_inline_1152981174\"\n\t\t\t><span class=\"sc_item_title_text\">LADEN SIE UNSERE KATALOGE HERUNTER<\/span><\/h3><\/div>\t\t\t\t<\/div>\n\t\t\t\t<\/div>\n\t\t\t\t\t<\/div>\n\t\t<\/div>\n\t\t\t\t\t<\/div>\n\t\t<\/section>\n\t\t\t\t\t<\/div>\n\t\t<\/div>\n\t\t\t\t\t<\/div>\n\t\t<\/section>\n\t\t\t\t<div data-animation-type=\"block\" class=\"elementor-element elementor-element-717dd30 elementor-widget__width-auto no-title animation_type_block sc_fly_static elementor-invisible elementor-widget elementor-widget-image\" data-id=\"717dd30\" data-element_type=\"widget\" data-e-type=\"widget\" data-settings=\"{&quot;_animation&quot;:&quot;buildera-fadeinup&quot;}\" data-widget_type=\"image.default\">\n\t\t\t\t<div class=\"elementor-widget-container\">\n\t\t\t\t\t\t\t\t\t\t\t\t<figure class=\"wp-caption\">\n\t\t\t\t\t\t\t\t\t\t<img decoding=\"async\" src=\"https:\/\/zurbuchensa.ch\/wp-content\/uploads\/elementor\/thumbs\/Capture-decran-2025-01-30-a-14.19.46-r0rt9usshh6ncmrmd6l8kv8a4c4zjrxt9logc32xw4.png\" title=\"Capture d\u2019\u00e9cran 2025-01-30 \u00e0 14.19.46\" alt=\"Capture d\u2019\u00e9cran 2025-01-30 \u00e0 14.19.46\" loading=\"lazy\" \/>\t\t\t\t\t\t\t\t\t\t\t<figcaption class=\"widget-image-caption wp-caption-text\"><\/figcaption>\n\t\t\t\t\t\t\t\t\t\t<\/figure>\n\t\t\t\t\t\t\t\t\t<\/div>\n\t\t\t\t<\/div>\n\t\t\t\t\t<\/div>\n\t\t<\/div>\n\t\t\t\t<div class=\"elementor-column elementor-col-50 elementor-top-column elementor-element elementor-element-679fb2e sc_inner_width_1_2 sc_extra_bg_large_right sc-mobile_inner_width_none sc-tablet_inner_width_1_1 sc_content_align_inherit sc_layouts_column_icons_position_left sc_fly_static\" data-id=\"679fb2e\" data-element_type=\"column\" data-e-type=\"column\">\n\t\t\t<div class=\"elementor-widget-wrap elementor-element-populated\">\n\t\t\t\t\t\t<div class=\"elementor-element elementor-element-a170703 sc_layouts_hide_on_tablet sc_layouts_hide_on_mobile sc_fly_static elementor-widget elementor-widget-spacer\" data-id=\"a170703\" data-element_type=\"widget\" data-e-type=\"widget\" data-widget_type=\"spacer.default\">\n\t\t\t\t<div class=\"elementor-widget-container\">\n\t\t\t\t\t\t\t<div class=\"elementor-spacer\">\n\t\t\t<div class=\"elementor-spacer-inner\"><\/div>\n\t\t<\/div>\n\t\t\t\t\t\t<\/div>\n\t\t\t\t<\/div>\n\t\t\t\t<div class=\"elementor-element elementor-element-1aa185b elementor-widget__width-initial sc_fly_static elementor-widget elementor-widget-toggle\" data-id=\"1aa185b\" data-element_type=\"widget\" data-e-type=\"widget\" data-widget_type=\"toggle.default\">\n\t\t\t\t<div class=\"elementor-widget-container\">\n\t\t\t\t\t\t\t<div class=\"elementor-toggle\">\n\t\t\t\t\t\t\t<div class=\"elementor-toggle-item\">\n\t\t\t\t\t<h4 id=\"elementor-tab-title-2791\" class=\"elementor-tab-title\" data-tab=\"1\" role=\"button\" aria-controls=\"elementor-tab-content-2791\" aria-expanded=\"false\">\n\t\t\t\t\t\t\t\t\t\t\t\t<span class=\"elementor-toggle-icon elementor-toggle-icon-right\" aria-hidden=\"true\">\n\t\t\t\t\t\t\t\t\t\t\t\t\t\t\t<span class=\"elementor-toggle-icon-closed\"><i class=\"fas fa-plus\"><\/i><\/span>\n\t\t\t\t\t\t\t\t<span class=\"elementor-toggle-icon-opened\"><i class=\"elementor-toggle-icon-opened fas fa-minus\"><\/i><\/span>\n\t\t\t\t\t\t\t\t\t\t\t\t\t<\/span>\n\t\t\t\t\t\t\t\t\t\t\t\t<a class=\"elementor-toggle-title\" tabindex=\"0\">01.    INSTITUTIONELLE BROSCH\u00dcREN UND QUALIT\u00c4TSVERSPRECHEN<\/a>\n\t\t\t\t\t<\/h4>\n\n\t\t\t\t\t<div id=\"elementor-tab-content-2791\" class=\"elementor-tab-content elementor-clearfix\" data-tab=\"1\" role=\"region\" aria-labelledby=\"elementor-tab-title-2791\"><p><a class=\"btn-voir\" href=\"https:\/\/zurbuchensa.ch\/wp-content\/uploads\/2025\/01\/Zurbuchen-Lentreprise-General.pdf\" target=\"_blank\" rel=\"noopener\">Das Unternehmen \u2013 Allgemeiner<\/a><br \/><a class=\"btn-download\" href=\"https:\/\/zurbuchensa.ch\/wp-content\/uploads\/2025\/01\/Zurbuchen-Lentreprise-General.pdf\" download=\"document.pdf\">Download<\/a><\/p><p><a class=\"btn-voir\" href=\"https:\/\/zurbuchensa.ch\/wp-content\/uploads\/2025\/01\/Zurbuchen-Technique-Swiss-Label-et-FFF.pdf\" target=\"_blank\" rel=\"noopener\">Swiss Label und FFF Label: Qualit\u00e4t und lokale Produktion<\/a><br \/><a class=\"btn-download\" href=\"https:\/\/zurbuchensa.ch\/wp-content\/uploads\/2025\/01\/Zurbuchen-Technique-Swiss-Label-et-FFF.pdf\" download=\"document.pdf\">Download<\/a><\/p><p><a class=\" btn-voir\" href=\"https:\/\/zurbuchensa.ch\/wp-content\/uploads\/2025\/01\/Zurbuchen-Technique-Antieffraction-enfants-feu.pdf\" target=\"_blank\" rel=\"noopener\">Sicherheit: Einbruchschutz, Kinderschutz und Brandschutz<\/a><br \/><a class=\"btn-download\" href=\"https:\/\/zurbuchensa.ch\/wp-content\/uploads\/2025\/01\/Zurbuchen-Technique-Antieffraction-enfants-feu.pdf\" download=\"document.pdf\">Download<\/a><\/p><\/div>\n\t\t\t\t<\/div>\n\t\t\t\t\t\t\t<div class=\"elementor-toggle-item\">\n\t\t\t\t\t<h4 id=\"elementor-tab-title-2792\" class=\"elementor-tab-title\" data-tab=\"2\" role=\"button\" aria-controls=\"elementor-tab-content-2792\" aria-expanded=\"false\">\n\t\t\t\t\t\t\t\t\t\t\t\t<span class=\"elementor-toggle-icon elementor-toggle-icon-right\" aria-hidden=\"true\">\n\t\t\t\t\t\t\t\t\t\t\t\t\t\t\t<span class=\"elementor-toggle-icon-closed\"><i class=\"fas fa-plus\"><\/i><\/span>\n\t\t\t\t\t\t\t\t<span class=\"elementor-toggle-icon-opened\"><i class=\"elementor-toggle-icon-opened fas fa-minus\"><\/i><\/span>\n\t\t\t\t\t\t\t\t\t\t\t\t\t<\/span>\n\t\t\t\t\t\t\t\t\t\t\t\t<a class=\"elementor-toggle-title\" tabindex=\"0\">02.    PRODUKTKATALO<\/a>\n\t\t\t\t\t<\/h4>\n\n\t\t\t\t\t<div id=\"elementor-tab-content-2792\" class=\"elementor-tab-content elementor-clearfix\" data-tab=\"2\" role=\"region\" aria-labelledby=\"elementor-tab-title-2792\"><p><a class=\"btn-voir\" href=\"https:\/\/zurbuchensa.ch\/wp-content\/uploads\/2025\/01\/Zurbuchen-Produit-Fenetres-General-Koemmerling.pdf\" target=\"_blank\" rel=\"noopener\">Fenster \u2013 Allgemein K\u00f6mmerling<\/a><br \/><a class=\"btn-download\" href=\"https:\/\/zurbuchensa.ch\/wp-content\/uploads\/2025\/01\/Zurbuchen-Produit-Fenetres-General-Koemmerling.pdf\" download=\"document.pdf\">Download<\/a><\/p><p><a class=\"btn-voir\" href=\"https:\/\/zurbuchensa.ch\/wp-content\/uploads\/2025\/01\/Zurbuchen-Produit-Fenetres-76-SwissLine-Koemmerling.pdf\" target=\"_blank\" rel=\"noopener\">Fenster \u2013 76 SwissLine K\u00f6mmerling<\/a><br \/><a class=\"btn-download\" href=\"https:\/\/zurbuchensa.ch\/wp-content\/uploads\/2025\/01\/Zurbuchen-Produit-Fenetres-76-SwissLine-Koemmerling.pdf\" download=\"document.pdf\">Download<\/a><\/p><p><a class=\"btn-voir\" href=\"https:\/\/zurbuchensa.ch\/wp-content\/uploads\/2025\/01\/Zurbuchen-Produit-Fenetres-76-SwissLine-AluClip-Decco-Koemmerling.pdf\" target=\"_blank\" rel=\"noopener\">Fenster \u2013 76 AluClip Decco K\u00f6mmerling<\/a><br \/><a class=\"btn-download\" href=\"https:\/\/zurbuchensa.ch\/wp-content\/uploads\/2025\/01\/Zurbuchen-Produit-Fenetres-76-SwissLine-AluClip-Decco-Koemmerling.pdf\" download=\"document.pdf\">Download<\/a><\/p><p><a class=\"btn-voir\" href=\"https:\/\/zurbuchensa.ch\/wp-content\/uploads\/2025\/01\/Zurbuchen-Produit-Portes-coulissantes-Koemmerling.pdf\" target=\"_blank\" rel=\"noopener\">Schiebet\u00fcren \u2013 K\u00f6mmerling<\/a><br \/><a class=\"btn-download\" href=\"https:\/\/zurbuchensa.ch\/wp-content\/uploads\/2025\/01\/Zurbuchen-Produit-Portes-coulissantes-Koemmerling.pdf\" download=\"document.pdf\">Download<\/a><\/p><p><a class=\"btn-voir\" href=\"https:\/\/zurbuchensa.ch\/wp-content\/uploads\/2025\/01\/Zurbuchen-Produit-Volets-aluminium.pdf\" target=\"_blank\" rel=\"noopener\">Aluminium-Rolll\u00e4den<\/a> <br \/><a class=\"btn-download\" href=\"https:\/\/zurbuchensa.ch\/wp-content\/uploads\/2025\/01\/Zurbuchen-Produit-Volets-aluminium.pdf\" download=\"document.pdf\">Download<\/a><\/p><p><a class=\"btn-voir\" href=\"https:\/\/zurbuchensa.ch\/wp-content\/uploads\/2025\/07\/Zurbuchen-Produit-Portes-Rodenberg_2024.pdf\" target=\"_blank\" rel=\"noopener\">Haust\u00fcren \u2013 Rodenberg<\/a><br \/><a class=\"btn-download\" href=\"https:\/\/zurbuchensa.ch\/wp-content\/uploads\/2025\/07\/Zurbuchen-Produit-Portes-Rodenberg_2024.pdf\"> Download<\/a><\/p><p><a class=\"btn-voir\" href=\"https:\/\/zurbuchensa.ch\/wp-content\/uploads\/2025\/01\/Zurbuchen-Produit-Portes-Rodenberg-Ecoline-Alu-PVC.pdf\" target=\"_blank\" rel=\"noopener\">Haust\u00fcren \u2013 Rodenberg Ecoline Alu PVC<\/a><br \/><a class=\"btn-download\" href=\"https:\/\/zurbuchensa.ch\/wp-content\/uploads\/2025\/01\/Zurbuchen-Produit-Portes-Rodenberg-Ecoline-Alu-PVC.pdf\" download=\"document.pdf\">Download <\/a><\/p><p><a class=\"btn-voir\" href=\"https:\/\/zurbuchensa.ch\/wp-content\/uploads\/2025\/01\/Zurbuchen-Produit-Portes-Verrissima-Protect-satin.pdf\" target=\"_blank\" rel=\"noopener\">Haust\u00fcren \u2013 Verrissima Protect-satin<\/a> <br \/><a class=\"btn-download\" href=\"https:\/\/zurbuchensa.ch\/wp-content\/uploads\/2025\/01\/Zurbuchen-Produit-Portes-Verrissima-Protect-satin.pdf\" download=\"document.pdf\">Download<\/a><\/p><\/div>\n\t\t\t\t<\/div>\n\t\t\t\t\t\t\t<div class=\"elementor-toggle-item\">\n\t\t\t\t\t<h4 id=\"elementor-tab-title-2793\" class=\"elementor-tab-title\" data-tab=\"3\" role=\"button\" aria-controls=\"elementor-tab-content-2793\" aria-expanded=\"false\">\n\t\t\t\t\t\t\t\t\t\t\t\t<span class=\"elementor-toggle-icon elementor-toggle-icon-right\" aria-hidden=\"true\">\n\t\t\t\t\t\t\t\t\t\t\t\t\t\t\t<span class=\"elementor-toggle-icon-closed\"><i class=\"fas fa-plus\"><\/i><\/span>\n\t\t\t\t\t\t\t\t<span class=\"elementor-toggle-icon-opened\"><i class=\"elementor-toggle-icon-opened fas fa-minus\"><\/i><\/span>\n\t\t\t\t\t\t\t\t\t\t\t\t\t<\/span>\n\t\t\t\t\t\t\t\t\t\t\t\t<a class=\"elementor-toggle-title\" tabindex=\"0\">03.    WARTUNGSKATALOGE<\/a>\n\t\t\t\t\t<\/h4>\n\n\t\t\t\t\t<div id=\"elementor-tab-content-2793\" class=\"elementor-tab-content elementor-clearfix\" data-tab=\"3\" role=\"region\" aria-labelledby=\"elementor-tab-title-2793\"><p><a class=\"btn-voir\" href=\"https:\/\/zurbuchensa.ch\/wp-content\/uploads\/2025\/01\/Zurbuchen-Technique-Entretien-Verres-Glas-Trosch.pdf\" target=\"_blank\" rel=\"noopener\">Pflege \u2013 Glas Tr\u00f6sch Brillen <\/a><br \/><a class=\"btn-download\" href=\"https:\/\/zurbuchensa.ch\/wp-content\/uploads\/2025\/01\/Zurbuchen-Technique-Entretien-Verres-Glas-Trosch.pdf\" download=\"document.pdf\">Download<\/a><\/p><\/div>\n\t\t\t\t<\/div>\n\t\t\t\t\t\t\t<div class=\"elementor-toggle-item\">\n\t\t\t\t\t<h4 id=\"elementor-tab-title-2794\" class=\"elementor-tab-title\" data-tab=\"4\" role=\"button\" aria-controls=\"elementor-tab-content-2794\" aria-expanded=\"false\">\n\t\t\t\t\t\t\t\t\t\t\t\t<span class=\"elementor-toggle-icon elementor-toggle-icon-right\" aria-hidden=\"true\">\n\t\t\t\t\t\t\t\t\t\t\t\t\t\t\t<span class=\"elementor-toggle-icon-closed\"><i class=\"fas fa-plus\"><\/i><\/span>\n\t\t\t\t\t\t\t\t<span class=\"elementor-toggle-icon-opened\"><i class=\"elementor-toggle-icon-opened fas fa-minus\"><\/i><\/span>\n\t\t\t\t\t\t\t\t\t\t\t\t\t<\/span>\n\t\t\t\t\t\t\t\t\t\t\t\t<a class=\"elementor-toggle-title\" tabindex=\"0\">04. TECHNISCHE KATALOGE<\/a>\n\t\t\t\t\t<\/h4>\n\n\t\t\t\t\t<div id=\"elementor-tab-content-2794\" class=\"elementor-tab-content elementor-clearfix\" data-tab=\"4\" role=\"region\" aria-labelledby=\"elementor-tab-title-2794\"><p><a class=\"btn-voir\" href=\"https:\/\/zurbuchensa.ch\/wp-content\/uploads\/2025\/01\/Zurbuchen-Technique-ACSplus-de-Glas-Trosch.pdf\" target=\"_blank\" rel=\"noopener\">ACSplus \u2013 Glass Tr\u00f6sch<\/a><br \/><a class=\"btn-download\" href=\"https:\/\/zurbuchensa.ch\/wp-content\/uploads\/2025\/01\/Zurbuchen-Technique-ACSplus-de-Glas-Trosch.pdf\" download=\"document.pdf\">Download<\/a><\/p><p><a class=\"btn-voir\" href=\"https:\/\/zurbuchensa.ch\/wp-content\/uploads\/2025\/01\/Zurbuchen-Technique-Tolerence-fabrication-et-qualite-Glas-Trosch.pdf\" target=\"_blank\" rel=\"noopener\">Fertigungstoleranzen und Qualit\u00e4t \u2013 Glas Tr\u00f6sch<\/a><br \/><a class=\"btn-download\" href=\"https:\/\/zurbuchensa.ch\/wp-content\/uploads\/2025\/01\/Zurbuchen-Technique-Tolerence-fabrication-et-qualite-Glas-Trosch.pdf\" download=\"document.pdf\">Download<\/a><\/p><p><a class=\"btn-voir\" href=\"https:\/\/zurbuchensa.ch\/wp-content\/uploads\/2025\/01\/Zurbuchen-Technique-Exigeances-de-securite-SIGAB.pdf\" target=\"_blank\" rel=\"noopener\">Sicherheitsanforderungen \u2013 SIGAB<\/a><br \/><a class=\"btn-download\" href=\"https:\/\/zurbuchensa.ch\/wp-content\/uploads\/2025\/01\/Zurbuchen-Technique-Exigeances-de-securite-SIGAB.pdf\" download=\"document.pdf\">Download<\/a><\/p><\/div>\n\t\t\t\t<\/div>\n\t\t\t\t\t\t\t\t<\/div>\n\t\t\t\t\t\t<\/div>\n\t\t\t\t<\/div>\n\t\t\t\t\t<\/div>\n\t\t<\/div>\n\t\t\t\t\t<\/div>\n\t\t<\/section>\n\t\t\t\t<\/div>\n\t\t","protected":false},"excerpt":{"rendered":"<p>Page (post) title UNSERE KATALOGE UND BROSCH\u00dcREN Durchsuchen und laden Sie unsere Online-Kataloge herunter F\u00fcr ein optimales Erlebnis stehen Ihnen unsere Brosch\u00fcren und Kataloge auch als Bl\u00e4tterversion online zur Verf\u00fcgung.&hellip;<\/p>\n","protected":false},"author":1,"featured_media":39553,"parent":0,"menu_order":0,"comment_status":"closed","ping_status":"closed","template":"","meta":{"inline_featured_image":false,"footnotes":""},"class_list":["post-39649","page","type-page","status-publish","has-post-thumbnail","hentry"],"_links":{"self":[{"href":"https:\/\/zurbuchensa.ch\/de\/wp-json\/wp\/v2\/pages\/39649","targetHints":{"allow":["GET"]}}],"collection":[{"href":"https:\/\/zurbuchensa.ch\/de\/wp-json\/wp\/v2\/pages"}],"about":[{"href":"https:\/\/zurbuchensa.ch\/de\/wp-json\/wp\/v2\/types\/page"}],"author":[{"embeddable":true,"href":"https:\/\/zurbuchensa.ch\/de\/wp-json\/wp\/v2\/users\/1"}],"replies":[{"embeddable":true,"href":"https:\/\/zurbuchensa.ch\/de\/wp-json\/wp\/v2\/comments?post=39649"}],"version-history":[{"count":11,"href":"https:\/\/zurbuchensa.ch\/de\/wp-json\/wp\/v2\/pages\/39649\/revisions"}],"predecessor-version":[{"id":40650,"href":"https:\/\/zurbuchensa.ch\/de\/wp-json\/wp\/v2\/pages\/39649\/revisions\/40650"}],"wp:featuredmedia":[{"embeddable":true,"href":"https:\/\/zurbuchensa.ch\/de\/wp-json\/wp\/v2\/media\/39553"}],"wp:attachment":[{"href":"https:\/\/zurbuchensa.ch\/de\/wp-json\/wp\/v2\/media?parent=39649"}],"curies":[{"name":"wp","href":"https:\/\/api.w.org\/{rel}","templated":true}]}}