 {"id":39678,"date":"2025-01-18T15:15:47","date_gmt":"2025-01-18T15:15:47","guid":{"rendered":"https:\/\/zurbuchensa.ch\/condition-generales-de-vente-et-de-livraison\/"},"modified":"2025-03-26T20:48:25","modified_gmt":"2025-03-26T20:48:25","slug":"allgemeine-verkaufs-und-lieferbedingungen","status":"publish","type":"page","link":"https:\/\/zurbuchensa.ch\/de\/allgemeine-verkaufs-und-lieferbedingungen\/","title":{"rendered":"Allgemeine Verkaufs- und Lieferbedingungen"},"content":{"rendered":"\t\t<div data-elementor-type=\"wp-page\" data-elementor-id=\"39678\" class=\"elementor elementor-39678 elementor-36594\" data-elementor-post-type=\"page\">\n\t\t\t\t\t\t<section class=\"elementor-section elementor-top-section elementor-element elementor-element-ac4df25 elementor-section-boxed elementor-section-height-default elementor-section-height-default sc_fly_static\" data-id=\"ac4df25\" data-element_type=\"section\" data-e-type=\"section\">\n\t\t\t\t\t\t<div class=\"elementor-container elementor-column-gap-extended\">\n\t\t\t\t\t<div class=\"elementor-column elementor-col-100 elementor-top-column elementor-element elementor-element-b39c982 sc_content_align_inherit sc_layouts_column_icons_position_left sc_fly_static\" data-id=\"b39c982\" data-element_type=\"column\" data-e-type=\"column\">\n\t\t\t<div class=\"elementor-widget-wrap elementor-element-populated\">\n\t\t\t\t\t\t<div class=\"elementor-element elementor-element-ae2f9d5 sc_fly_static elementor-widget elementor-widget-text-editor\" data-id=\"ae2f9d5\" data-element_type=\"widget\" data-e-type=\"widget\" data-widget_type=\"text-editor.default\">\n\t\t\t\t<div class=\"elementor-widget-container\">\n\t\t\t\t\t\t\t\t\t<h5>1. Allgemeine Informationen<\/h5><p>1.1 Diese Allgemeinen Verkaufs- und Lieferbedingungen gelten f\u00fcr alle unsere Verk\u00e4ufe, Lieferungen und sonstigen Leistungen. Entgegenstehende Bedingungen des Kunden sind f\u00fcr uns unverbindlich.<br \/>1.2 Vereinbarungen sowie \u00c4nderungen und Erg\u00e4nzungen des Vertrages und unserer Allgemeinen Verkaufs- und Lieferbedingungen bed\u00fcrfen zu ihrer Wirksamkeit der Schriftform.<\/p><h5>2. Angebote<\/h5><p><span>2.1 Unsere Angebote sind stets freibleibend.<\/span><br \/><span>2.2 Die in unseren Unterlagen enthaltenen Angaben, insbesondere Abbildungen, technische Daten und Leistungsbeschreibungen, dienen ausschlie\u00dflich Informationszwecken, sofern sie nicht ausdr\u00fccklich schriftlich als verbindlich bezeichnet sind. Ausdr\u00fcckliche \u00c4nderungen unserer Produkte und Abweichungen von den dargestellten Modellen bleiben vorbehalten.<\/span><br \/><span>2.3 Angebote, Pl\u00e4ne, Beschreibungen und Muster bleiben unser Eigentum und d\u00fcrfen ohne unsere Zustimmung anderen Bietern nicht zug\u00e4nglich gemacht werden. Die genannten Unterlagen sind einschlie\u00dflich s\u00e4mtlicher Kopien an uns zur\u00fcckzugeben oder zu vernichten, wenn der Auftrag nicht erteilt oder an Dritte vergeben wird. Auch wiederverwendbare Verpackungen wie Transportgestelle, Abdeckungen und Umreifungen bleiben unser Eigentum.<\/span><\/p><h5>3. <span>Vertragsabschluss<\/span><\/h5><p><span>3.1 Der Vertrag gilt erst dann als abgeschlossen, wenn die Annahme einer Bestellung durch den Kunden ordnungsgem\u00e4\u00df best\u00e4tigt wurde.<\/span><br \/><span>3.2 Jede Vertrags\u00e4nderung bedarf der schriftlichen Best\u00e4tigung durch den Kunden.<\/span><br \/><span>3.3 Mit der Unterzeichnung der Auftragsbest\u00e4tigung und\/oder des Angebots durch den Kunden gilt der vertraglich vereinbarte Betrag als f\u00e4llig im Sinne des Artikels 82 LP.<\/span><\/p><h5>4. <span>Preis<\/span><\/h5><p><span>4.1 Es gelten die in der Auftragsbest\u00e4tigung genannten Preise zuz\u00fcglich gesetzlicher Mehrwertsteuer.<\/span><br \/><span>4.2 Wir behalten uns das Recht vor, Preiserh\u00f6hungen f\u00fcr Rohstoffe gegen\u00fcber unseren Direktlieferanten geltend zu machen.<\/span><br \/><span>4.3 Die Preise in der Auftragsbest\u00e4tigung verstehen sich exklusive Fensterreinigung.<\/span><\/p><h5>5. <span>Lieferzeiten und Teillieferungen<\/span><\/h5><p><span>5.1 Die bei Erhalt der Auftragsbest\u00e4tigung angegebene Lieferzeit ist indikativ.<\/span><br \/><span>5.2 Wir sind zu Teillieferungen berechtigt. Bei Dauerlieferungsvertr\u00e4gen gilt jede Teillieferung als Sondergesch\u00e4ft. Die Unm\u00f6glichkeit einer Teillieferung oder eine Verz\u00f6gerung einer Teillieferung berechtigt den Kunden in keinem Fall zum R\u00fccktritt vom gesamten Vertrag oder zur Geltendmachung von Schadensersatzanspr\u00fcchen.<\/span><br \/><span>5.3 Beruht die Nichteinhaltung einer Lieferfrist nicht ausschlie\u00dflich auf grobem Verschulden unsererseits, ist der Kunde weder zum R\u00fccktritt vom Vertrag noch zum Verzicht auf die Lieferung oder zur Geltendmachung von Schadensersatz berechtigt.<\/span><br \/><span>5.4 Bei unvorhergesehenen Schwierigkeiten in der Rohstoffbeschaffung, Streiks, Betriebsst\u00f6rungen und sonstigen F\u00e4llen h\u00f6herer Gewalt sind wir berechtigt, eine neue Lieferfrist zu bestimmen oder ohne finanzielle Folgen vom Vertrag zur\u00fcckzutreten.<\/span><\/p><h5>6. <span>Erhalt der Ware durch den Kunden<\/span><\/h5><p><span>6.1 Die Gefahr geht mit der Entgegennahme der verpackten Ware durch den Kunden oder eine von ihm oder uns beauftragte Person (Spediteur, Frachtf\u00fchrer etc.) auf diesen \u00fcber.<\/span><br \/><span>6.2 Wird die Lieferung der Ware aus Gr\u00fcnden, die wir nicht zu vertreten haben, verz\u00f6gert oder unm\u00f6glich gemacht, sind wir berechtigt, die Ware auf Kosten und Gefahr des Kunden bei uns oder Dritten einzulagern und haben damit unsere Verpflichtungen erf\u00fcllt, was uns zum R\u00fccktritt vom Vertrag und zur Weiterf\u00fchrung der Rechnungsstellung berechtigt.<\/span><\/p><h5>7. <span>Zahlungsbedingungen<\/span><\/h5><p><span>7.1 Sind die Zahlungsbedingungen nicht im Werkvertrag gem\u00e4ss SIA 118 definiert, gelten folgende Bestimmungen:<\/span><br \/><span>\u00b7 50% der Auftragssumme bei Auftragserteilung<\/span><br \/><span>\u00b7 40% der Auftragssumme bei Meldung der Montagebereitschaft<\/span><br \/><span>\u00b7 10% der Auftragssumme bei Fertigstellung der Arbeiten bzw. Abnahme der Arbeiten.<\/span><br \/><span>7.2 Alle Rechnungen sind netto und ohne Abzug von Skonto innerhalb von 30 Tagen ab Rechnungsdatum zahlbar.<\/span><br \/><span>7.3 Verzugszinsen werden ohne Mahnung mit Ablauf der Zahlungsfrist f\u00e4llig. Massgebend ist der am Zahlungsort g\u00fcltige Zinssatz f\u00fcr Bankkredite auf Girokonten der Banque Cantonale Vaudoise f\u00fcr Unternehmer zuz\u00fcglich 1%.<\/span><br \/><span>7.4 Die Zur\u00fcckhaltung oder K\u00fcrzung von Zahlungen wegen Streitigkeiten ist nur mit unserer Zustimmung zul\u00e4ssig.<\/span><br \/><span>7.5 Bei Zahlungsverzug des Kunden sind wir unbeschadet unserer sonstigen gesetzlichen Rechte berechtigt, weitere Lieferungen aus diesem oder einem anderen Vertrag zu verweigern und von der Leistung einer Anzahlung oder Sicherheitsleistung abh\u00e4ngig zu machen.<\/span><\/p><h5>8. <span>Gew\u00e4hrleistung<\/span><\/h5><p><span>8.1 F\u00fcr unsere Produkte gew\u00e4hren wir folgende Garantie:<\/span><br \/><span>\u2013 5 Jahre auf PVC-Profile<\/span><br \/><span>\u2013 2 Jahre auf Beschl\u00e4ge und elektrische Ger\u00e4te (gem\u00e4\u00df Herstellergarantie)<\/span><br \/><span>\u2013 2 Jahre auf Glas (gem\u00e4\u00df Herstellergarantie) und T\u00fcrbl\u00e4tter (gem\u00e4\u00df Herstellergarantie)<\/span><br \/><span>8.2 Sch\u00e4den, die durch normale Abnutzung oder mangelnde Wartung entstehen, k\u00f6nnen wir in keinem Fall zuschreiben.<\/span><br \/><span>8.3 Von der Garantie ausgeschlossen sind Sch\u00e4den durch thermische Einfl\u00fcsse (Thermoschock).<\/span><br \/><span>8.4 S\u00e4mtliche Reklamationen m\u00fcssen uns innerhalb von 30 Tagen nach Abschluss der Arbeiten gemeldet werden.<\/span><br \/><span>8.5 Kleine Kratzer, fettige Oberfl\u00e4chen und andere Dinge, die bei senkrechter Betrachtung aus einer Entfernung von 3 Metern nicht sichtbar sind, gelten nicht als Sch\u00e4den.<\/span><\/p><h5>9. <span>Montagebedingungen<\/span><\/h5><p><span>9.1 Unseren Preisen liegen folgende Voraussetzungen zugrunde: unterbrechungsfreie Montage, normaler und freier Zugang zum Montageplatz, Elektroanschluss, Ger\u00fcst und erforderliche Hebezeuge werden vom Bauherrn (BA) gestellt, M\u00f6glichkeit der Zwischenlagerung des Materials in einem trockenen und verschlossenen Raum, Montage auf vorbereiteten Untergr\u00fcnden, Angabe der Befestigungspunkte in Tiefe und H\u00f6he an jeder Fassaden\u00f6ffnung durch den BA, bei T\u00fcren Richtmeter durch den BA, Einhaltung der Ma\u00dftoleranzen \u00b1 0,5 cm je \u00d6ffnung, Einbau der Anschlussabdichtung durch den BA, Baustellensicherung durch den BA.<\/span><br \/><span>9.2 Der MO wird alles Notwendige tun, um sicherzustellen, dass die Montage unserer Produkte unter den bestm\u00f6glichen Bedingungen erfolgt, ohne dass Gegenst\u00e4nde (Vorh\u00e4nge, M\u00f6bel, Lampen, Jalousien usw.) herumstehen.<\/span><br \/><span>9.3 Bei der Durchf\u00fchrung unserer Eingriffe mit neuen Montage- und Demontagearten sind die Jalousien durch den MO zu demontieren. In jedem Fall m\u00fcssen die Blindkurbeln vom MO entfernt werden. F\u00fcr eventuelle Sch\u00e4den oder Funktionsst\u00f6rungen nach dem Fensteraustausch \u00fcbernehmen wir keine Haftung.<\/span><br \/><span>9.4 F\u00fcr Sch\u00e4den, die unsere Mitarbeiter an Geb\u00e4uden und sonstigen Einrichtungen verursachen, haften wir nicht, es sei denn, diese sind durch unsere Betriebshaftpflichtversicherung gedeckt. Eventuelle Sch\u00e4den daraus sind von der Gew\u00e4hrleistung ausgeschlossen.<\/span><br \/><span>9.5 Sch\u00e4den durch Unterbrechungen von Strom-, Heizungs- usw.-Leitungen ohne vorherige Information \u00fcber deren Vorhandensein werden nicht unterst\u00fctzt.<\/span><br \/><span>9.6 Der Anschluss eines Motorschlosses oder anderer elektrischer Ger\u00e4te muss durch einen vom Bauherrn beauftragten Elektroinstallateur erfolgen.<\/span><br \/><span>9.7 Asbest: Es liegt in der Verantwortung des MO, uns im Voraus \u00fcber das Vorhandensein von Asbest zu informieren und alle Kosten im Zusammenhang mit Asbest bzw. der Entfernung durch von ihm beauftragte Spezialisten zu tragen.<\/span><br \/><span>9.8 Das Entfernen von Fenster- und T\u00fcrrahmen kann zu Sch\u00e4den an bestehenden W\u00e4nden f\u00fchren. Eventuelle Kosten werden nicht \u00fcbernommen.<\/span><br \/><span>9.9 Nach dem Einbau der Fenster f\u00fchren die Monteure eine Grobreinigung durch. Die Endreinigung aller Fenster und Wohnr\u00e4ume muss durch den Auftragnehmer erfolgen.<\/span><\/p><h5>10. <span>Erf\u00fcllungsort, anwendbares Recht, Gerichtsstand<\/span><\/h5><p><span>10.1 F\u00fcr s\u00e4mtliche Rechtsbeziehungen aus dem Vertragsverh\u00e4ltnis zwischen dem Kunden und uns gilt ausschlie\u00dflich schweizerisches Recht.<\/span><br \/><span>10.2 F\u00fcr alle Streitigkeiten im Zusammenhang mit dem Abschluss, der Auslegung, der Durchf\u00fchrung und der Beendigung des Vertrags ist Ecl\u00e9pens der Gerichtsstand.<\/span><br \/><span>10.3 Das Unternehmen beh\u00e4lt sich das Recht vor, diese Allgemeinen Gesch\u00e4ftsbedingungen jederzeit zu \u00e4ndern.<\/span><\/p><p><span>Ecl\u00e9pens, 11.11.24<\/span><\/p>\t\t\t\t\t\t\t\t<\/div>\n\t\t\t\t<\/div>\n\t\t\t\t\t<\/div>\n\t\t<\/div>\n\t\t\t\t\t<\/div>\n\t\t<\/section>\n\t\t\t\t<\/div>\n\t\t","protected":false},"excerpt":{"rendered":"<p>1. Allgemeine Informationen 1.1 Diese Allgemeinen Verkaufs- und Lieferbedingungen gelten f\u00fcr alle unsere Verk\u00e4ufe, Lieferungen und sonstigen Leistungen. Entgegenstehende Bedingungen des Kunden sind f\u00fcr uns unverbindlich.1.2 Vereinbarungen sowie \u00c4nderungen und&hellip;<\/p>\n","protected":false},"author":1,"featured_media":39251,"parent":0,"menu_order":0,"comment_status":"closed","ping_status":"closed","template":"","meta":{"inline_featured_image":false,"footnotes":""},"class_list":["post-39678","page","type-page","status-publish","has-post-thumbnail","hentry"],"_links":{"self":[{"href":"https:\/\/zurbuchensa.ch\/de\/wp-json\/wp\/v2\/pages\/39678","targetHints":{"allow":["GET"]}}],"collection":[{"href":"https:\/\/zurbuchensa.ch\/de\/wp-json\/wp\/v2\/pages"}],"about":[{"href":"https:\/\/zurbuchensa.ch\/de\/wp-json\/wp\/v2\/types\/page"}],"author":[{"embeddable":true,"href":"https:\/\/zurbuchensa.ch\/de\/wp-json\/wp\/v2\/users\/1"}],"replies":[{"embeddable":true,"href":"https:\/\/zurbuchensa.ch\/de\/wp-json\/wp\/v2\/comments?post=39678"}],"version-history":[{"count":4,"href":"https:\/\/zurbuchensa.ch\/de\/wp-json\/wp\/v2\/pages\/39678\/revisions"}],"predecessor-version":[{"id":39741,"href":"https:\/\/zurbuchensa.ch\/de\/wp-json\/wp\/v2\/pages\/39678\/revisions\/39741"}],"wp:featuredmedia":[{"embeddable":true,"href":"https:\/\/zurbuchensa.ch\/de\/wp-json\/wp\/v2\/media\/39251"}],"wp:attachment":[{"href":"https:\/\/zurbuchensa.ch\/de\/wp-json\/wp\/v2\/media?parent=39678"}],"curies":[{"name":"wp","href":"https:\/\/api.w.org\/{rel}","templated":true}]}}