 {"id":39684,"date":"2025-01-17T10:37:16","date_gmt":"2025-01-17T10:37:16","guid":{"rendered":"https:\/\/zurbuchensa.ch\/technicien-poseur-secteur-geneve\/"},"modified":"2025-03-27T13:46:32","modified_gmt":"2025-03-27T13:46:32","slug":"montagetechniker-region-genf","status":"publish","type":"page","link":"https:\/\/zurbuchensa.ch\/de\/montagetechniker-region-genf\/","title":{"rendered":"MONTAGETECHNIKER \u2013 REGION GENF"},"content":{"rendered":"\t\t<div data-elementor-type=\"wp-page\" data-elementor-id=\"39684\" class=\"elementor elementor-39684 elementor-36313\" data-elementor-post-type=\"page\">\n\t\t\t\t\t\t<section class=\"elementor-section elementor-top-section elementor-element elementor-element-f529772 elementor-section-full_width elementor-section-content-middle scheme_dark elementor-section-stretched elementor-section-height-min-height elementor-section-height-default elementor-section-items-middle sc_fly_static\" data-id=\"f529772\" data-element_type=\"section\" data-e-type=\"section\" data-settings=\"{&quot;background_background&quot;:&quot;classic&quot;,&quot;stretch_section&quot;:&quot;section-stretched&quot;}\">\n\t\t\t\t\t\t\t<div class=\"elementor-background-overlay\"><\/div>\n\t\t\t\t\t\t\t<div class=\"elementor-container elementor-column-gap-no\">\n\t\t\t\t\t<div class=\"elementor-column elementor-col-100 elementor-top-column elementor-element elementor-element-255c9db sc_content_align_inherit sc_layouts_column_icons_position_left sc_fly_static\" data-id=\"255c9db\" data-element_type=\"column\" data-e-type=\"column\">\n\t\t\t<div class=\"elementor-widget-wrap elementor-element-populated\">\n\t\t\t\t\t\t<section class=\"elementor-section elementor-inner-section elementor-element elementor-element-7210874 elementor-section-full_width elementor-section-height-default elementor-section-height-default sc_fly_static\" data-id=\"7210874\" data-element_type=\"section\" data-e-type=\"section\">\n\t\t\t\t\t\t<div class=\"elementor-container elementor-column-gap-extended\">\n\t\t\t\t\t<div class=\"elementor-column elementor-col-100 elementor-inner-column elementor-element elementor-element-3bfb26d sc_content_align_inherit sc_layouts_column_icons_position_left sc_fly_static\" data-id=\"3bfb26d\" data-element_type=\"column\" data-e-type=\"column\">\n\t\t\t<div class=\"elementor-widget-wrap elementor-element-populated\">\n\t\t\t\t\t\t<div class=\"elementor-element elementor-element-7de3aa6 sc_fly_static elementor-widget elementor-widget-spacer\" data-id=\"7de3aa6\" data-element_type=\"widget\" data-e-type=\"widget\" data-widget_type=\"spacer.default\">\n\t\t\t\t<div class=\"elementor-widget-container\">\n\t\t\t\t\t\t\t<div class=\"elementor-spacer\">\n\t\t\t<div class=\"elementor-spacer-inner\"><\/div>\n\t\t<\/div>\n\t\t\t\t\t\t<\/div>\n\t\t\t\t<\/div>\n\t\t\t\t<div class=\"elementor-element elementor-element-35c50ae sc_fly_static elementor-widget elementor-widget-trx_sc_layouts_title\" data-id=\"35c50ae\" data-element_type=\"widget\" data-e-type=\"widget\" data-widget_type=\"trx_sc_layouts_title.default\">\n\t\t\t\t<div class=\"elementor-widget-container\">\n\t\t\t\t\t<div class=\"sc_layouts_title sc_align_center with_content without_image without_tint\" ><div class=\"sc_layouts_title_content\"><div class=\"sc_layouts_title_title\"><h1 class=\"sc_layouts_title_caption\">MONTAGETECHNIKER \u2013 REGION GENF<\/h1><\/div><\/div><\/div>\t\t\t\t<\/div>\n\t\t\t\t<\/div>\n\t\t\t\t<div class=\"elementor-element elementor-element-b823cbe sc_fly_static elementor-widget elementor-widget-spacer\" data-id=\"b823cbe\" data-element_type=\"widget\" data-e-type=\"widget\" data-widget_type=\"spacer.default\">\n\t\t\t\t<div class=\"elementor-widget-container\">\n\t\t\t\t\t\t\t<div class=\"elementor-spacer\">\n\t\t\t<div class=\"elementor-spacer-inner\"><\/div>\n\t\t<\/div>\n\t\t\t\t\t\t<\/div>\n\t\t\t\t<\/div>\n\t\t\t\t<div class=\"elementor-element elementor-element-9bfe622 elementor-view-default sc_fly_static elementor-widget elementor-widget-icon\" data-id=\"9bfe622\" data-element_type=\"widget\" data-e-type=\"widget\" data-widget_type=\"icon.default\">\n\t\t\t\t<div class=\"elementor-widget-container\">\n\t\t\t\t\t\t\t<div class=\"elementor-icon-wrapper\">\n\t\t\t<div class=\"elementor-icon\">\n\t\t\t<svg xmlns=\"http:\/\/www.w3.org\/2000\/svg\" width=\"14.626\" height=\"8.639\" viewBox=\"0 0 14.626 8.639\"><g id=\"down-arrow\" transform=\"translate(0 -70.698)\"><g id=\"Group_8820\" data-name=\"Group 8820\" transform=\"translate(0 100.698)\"><path id=\"Path_6507\" data-name=\"Path 6507\" d=\"M14.392,101.42l-.479-.482a.8.8,0,0,0-1.132,0L7.316,106.4l-5.472-5.472a.8.8,0,0,0-1.132,0l-.479.479a.8.8,0,0,0,0,1.131l6.515,6.538a.818.818,0,0,0,.567.257h0a.818.818,0,0,0,.566-.257l6.508-6.52a.808.808,0,0,0,.234-.571A.8.8,0,0,0,14.392,101.42Z\" transform=\"translate(0 -130.698)\"><\/path><\/g><\/g><\/svg>\t\t\t<\/div>\n\t\t<\/div>\n\t\t\t\t\t\t<\/div>\n\t\t\t\t<\/div>\n\t\t\t\t<div class=\"elementor-element elementor-element-c3a7dfc sc_fly_static elementor-widget elementor-widget-spacer\" data-id=\"c3a7dfc\" data-element_type=\"widget\" data-e-type=\"widget\" data-widget_type=\"spacer.default\">\n\t\t\t\t<div class=\"elementor-widget-container\">\n\t\t\t\t\t\t\t<div class=\"elementor-spacer\">\n\t\t\t<div class=\"elementor-spacer-inner\"><\/div>\n\t\t<\/div>\n\t\t\t\t\t\t<\/div>\n\t\t\t\t<\/div>\n\t\t\t\t\t<\/div>\n\t\t<\/div>\n\t\t\t\t\t<\/div>\n\t\t<\/section>\n\t\t\t\t\t<\/div>\n\t\t<\/div>\n\t\t\t\t\t<\/div>\n\t\t<\/section>\n\t\t\t\t<section class=\"elementor-section elementor-top-section elementor-element elementor-element-ac4df25 elementor-section-boxed elementor-section-height-default elementor-section-height-default sc_fly_static\" data-id=\"ac4df25\" data-element_type=\"section\" data-e-type=\"section\">\n\t\t\t\t\t\t<div class=\"elementor-container elementor-column-gap-extended\">\n\t\t\t\t\t<div class=\"elementor-column elementor-col-100 elementor-top-column elementor-element elementor-element-b39c982 sc_content_align_inherit sc_layouts_column_icons_position_left sc_fly_static\" data-id=\"b39c982\" data-element_type=\"column\" data-e-type=\"column\">\n\t\t\t<div class=\"elementor-widget-wrap elementor-element-populated\">\n\t\t\t\t\t\t<div class=\"elementor-element elementor-element-ae2f9d5 emploi sc_fly_static elementor-widget elementor-widget-text-editor\" data-id=\"ae2f9d5\" data-element_type=\"widget\" data-e-type=\"widget\" data-widget_type=\"text-editor.default\">\n\t\t\t\t<div class=\"elementor-widget-container\">\n\t\t\t\t\t\t\t\t\t<p><strong>Stellenbeschreibung :<\/strong> :<\/p><p><span>Als Montagemonteur\/in bei Zurbuchen f\u00fcr den Raum Genf sind Sie f\u00fcr die <\/span><span>Montage von Fenstern, T\u00fcren und weiteren L\u00f6sungen auf den Baustellen unserer Kunden verantwortlich. Sie gew\u00e4hrleisten die <\/span><span>konforme und qualitativ hochwertige Implementierung der Produkte unter Einhaltung der Sicherheits- und <\/span><span>Leistungsstandards. Als echter Botschafter unseres Swiss Made Know-hows spielen Sie eine Schl\u00fcsselrolle <\/span><span>f\u00fcr die Kundenzufriedenheit und den Ruf von Zurbuchen.<\/span><\/p><p><strong><span>Ihre Hauptaufgaben:<\/span><\/strong><\/p><p><span>\u2022 Vorbereitung und Montage von Fenstern, T\u00fcren und Rolll\u00e4den auf Baustellen.<\/span><br \/><span>\u2022 Einhaltung der Zurbuchen-Installationsverfahren und Qualit\u00e4tsstandards.<\/span><br \/><span>\u2022 \u00dcberpr\u00fcfung der Konformit\u00e4t der Installationen und ggf. Anpassungen.<\/span><br \/><span>\u2022 Kommunikation mit Kunden, um ihre Fragen zu beantworten und ihre Zufriedenheit sicherzustellen.<\/span><br \/><span>\u2022 Mitwirkung bei der kontinuierlichen Verbesserung der Installationsprozesse.<\/span><\/p><p><strong><span>Gesuchtes Profil:<\/span><\/strong><\/p><p><span>\u2022 Nachgewiesene Erfahrung als Monteur oder Bautechniker, idealerweise im <\/span><span>Bereich Fenster und T\u00fcren.<\/span><br \/><span>\u2022 Gute Kenntnisse der Werkzeuge und Techniken f\u00fcr die Tischlereiinstallation.<\/span><br \/><span>\u2022 Liebe zum Detail und gute Arbeit unter strikter Einhaltung der Sicherheitsanweisungen.<\/span><br \/><span>\u2022 Hervorragende Pr\u00e4sentation und problemlose Kommunikation mit Kunden.<\/span><br \/><span>\u2022 G\u00fcltiger F\u00fchrerschein erforderlich.<\/span><\/p><p><strong><span>Wir bieten:<\/span><\/strong><\/p><p><span>\u2022 Ein anregendes Arbeitsumfeld in einem Familienunternehmen mit \u00fcber 50 Jahren <\/span><span>Erfahrung.<\/span><br \/><span>\u2022 Laufende Schulungen zu Installationstechniken und Produktinnovationen.<\/span><br \/><span>\u2022 Aufstiegsm\u00f6glichkeiten innerhalb des Unternehmens.<\/span><br \/><span>\u2022 Hochwertige Arbeitsger\u00e4te und Werkzeuge.<\/span><br \/><span>\u2022 Attraktive Verg\u00fctung und Arbeitsbedingungen, die Fachwissen wertsch\u00e4tzen.<\/span><\/p>\t\t\t\t\t\t\t\t<\/div>\n\t\t\t\t<\/div>\n\t\t\t\t<div class=\"elementor-element elementor-element-329e16c btn-bleu sc_fly_static elementor-widget elementor-widget-trx_sc_button\" data-id=\"329e16c\" data-element_type=\"widget\" data-e-type=\"widget\" data-widget_type=\"trx_sc_button.default\">\n\t\t\t\t<div class=\"elementor-widget-container\">\n\t\t\t\t\t<div\tclass=\"sc_item_button sc_button_wrap\" ><a href=\"https:\/\/zurbuchensa.ch\/candidature-emploi\/\" class=\"sc_button sc_button_decoration sc_button_size_normal sc_button_icon_left color_style_link2\" ><span class=\"sc_button_text\"><span class=\"sc_button_title\">ONLINE BEWERDEN<\/span><\/span><\/a><\/div>\t\t\t\t<\/div>\n\t\t\t\t<\/div>\n\t\t\t\t\t<\/div>\n\t\t<\/div>\n\t\t\t\t\t<\/div>\n\t\t<\/section>\n\t\t\t\t<\/div>\n\t\t","protected":false},"excerpt":{"rendered":"<p>Page (post) title Stellenbeschreibung : : Als Montagemonteur\/in bei Zurbuchen f\u00fcr den Raum Genf sind Sie f\u00fcr die Montage von Fenstern, T\u00fcren und weiteren L\u00f6sungen auf den Baustellen unserer Kunden&hellip;<\/p>\n","protected":false},"author":1,"featured_media":39251,"parent":0,"menu_order":0,"comment_status":"closed","ping_status":"closed","template":"","meta":{"inline_featured_image":false,"footnotes":""},"class_list":["post-39684","page","type-page","status-publish","has-post-thumbnail","hentry"],"_links":{"self":[{"href":"https:\/\/zurbuchensa.ch\/de\/wp-json\/wp\/v2\/pages\/39684","targetHints":{"allow":["GET"]}}],"collection":[{"href":"https:\/\/zurbuchensa.ch\/de\/wp-json\/wp\/v2\/pages"}],"about":[{"href":"https:\/\/zurbuchensa.ch\/de\/wp-json\/wp\/v2\/types\/page"}],"author":[{"embeddable":true,"href":"https:\/\/zurbuchensa.ch\/de\/wp-json\/wp\/v2\/users\/1"}],"replies":[{"embeddable":true,"href":"https:\/\/zurbuchensa.ch\/de\/wp-json\/wp\/v2\/comments?post=39684"}],"version-history":[{"count":5,"href":"https:\/\/zurbuchensa.ch\/de\/wp-json\/wp\/v2\/pages\/39684\/revisions"}],"predecessor-version":[{"id":39868,"href":"https:\/\/zurbuchensa.ch\/de\/wp-json\/wp\/v2\/pages\/39684\/revisions\/39868"}],"wp:featuredmedia":[{"embeddable":true,"href":"https:\/\/zurbuchensa.ch\/de\/wp-json\/wp\/v2\/media\/39251"}],"wp:attachment":[{"href":"https:\/\/zurbuchensa.ch\/de\/wp-json\/wp\/v2\/media?parent=39684"}],"curies":[{"name":"wp","href":"https:\/\/api.w.org\/{rel}","templated":true}]}}