 {"id":39718,"date":"2025-01-17T10:53:08","date_gmt":"2025-01-17T10:53:08","guid":{"rendered":"https:\/\/zurbuchensa.ch\/assistante-administratifve-siege-declepens\/"},"modified":"2025-03-26T17:42:30","modified_gmt":"2025-03-26T17:42:30","slug":"verwaltungsassistent-hauptsitz-in-eclepens","status":"publish","type":"page","link":"https:\/\/zurbuchensa.ch\/de\/verwaltungsassistent-hauptsitz-in-eclepens\/","title":{"rendered":"Verwaltungsassistent \u2013 \u200b\u200bHauptsitz in \u00c9cl\u00e9pens"},"content":{"rendered":"\t\t<div data-elementor-type=\"wp-page\" data-elementor-id=\"39718\" class=\"elementor elementor-39718 elementor-36342\" data-elementor-post-type=\"page\">\n\t\t\t\t\t\t<section class=\"elementor-section elementor-top-section elementor-element elementor-element-f7d5370 elementor-section-full_width elementor-section-content-middle scheme_dark elementor-section-stretched elementor-section-height-min-height elementor-section-height-default elementor-section-items-middle sc_fly_static\" data-id=\"f7d5370\" data-element_type=\"section\" data-e-type=\"section\" data-settings=\"{&quot;background_background&quot;:&quot;classic&quot;,&quot;stretch_section&quot;:&quot;section-stretched&quot;}\">\n\t\t\t\t\t\t\t<div class=\"elementor-background-overlay\"><\/div>\n\t\t\t\t\t\t\t<div class=\"elementor-container elementor-column-gap-no\">\n\t\t\t\t\t<div class=\"elementor-column elementor-col-100 elementor-top-column elementor-element elementor-element-3184210 sc_content_align_inherit sc_layouts_column_icons_position_left sc_fly_static\" data-id=\"3184210\" data-element_type=\"column\" data-e-type=\"column\">\n\t\t\t<div class=\"elementor-widget-wrap elementor-element-populated\">\n\t\t\t\t\t\t<section class=\"elementor-section elementor-inner-section elementor-element elementor-element-b7956ae elementor-section-full_width elementor-section-height-default elementor-section-height-default sc_fly_static\" data-id=\"b7956ae\" data-element_type=\"section\" data-e-type=\"section\">\n\t\t\t\t\t\t<div class=\"elementor-container elementor-column-gap-extended\">\n\t\t\t\t\t<div class=\"elementor-column elementor-col-100 elementor-inner-column elementor-element elementor-element-948ca42 sc_content_align_inherit sc_layouts_column_icons_position_left sc_fly_static\" data-id=\"948ca42\" data-element_type=\"column\" data-e-type=\"column\">\n\t\t\t<div class=\"elementor-widget-wrap elementor-element-populated\">\n\t\t\t\t\t\t<div class=\"elementor-element elementor-element-ad1fa31 sc_fly_static elementor-widget elementor-widget-spacer\" data-id=\"ad1fa31\" data-element_type=\"widget\" data-e-type=\"widget\" data-widget_type=\"spacer.default\">\n\t\t\t\t<div class=\"elementor-widget-container\">\n\t\t\t\t\t\t\t<div class=\"elementor-spacer\">\n\t\t\t<div class=\"elementor-spacer-inner\"><\/div>\n\t\t<\/div>\n\t\t\t\t\t\t<\/div>\n\t\t\t\t<\/div>\n\t\t\t\t<div class=\"elementor-element elementor-element-d36009d sc_fly_static elementor-widget elementor-widget-trx_sc_layouts_title\" data-id=\"d36009d\" data-element_type=\"widget\" data-e-type=\"widget\" data-widget_type=\"trx_sc_layouts_title.default\">\n\t\t\t\t<div class=\"elementor-widget-container\">\n\t\t\t\t\t<div class=\"sc_layouts_title sc_align_center with_content without_image without_tint\" ><div class=\"sc_layouts_title_content\"><div class=\"sc_layouts_title_title\"><h1 class=\"sc_layouts_title_caption\">Verwaltungsassistent \u2013 \u200b\u200bHauptsitz in \u00c9cl\u00e9pens<\/h1><\/div><\/div><\/div>\t\t\t\t<\/div>\n\t\t\t\t<\/div>\n\t\t\t\t<div class=\"elementor-element elementor-element-63ee4a3 sc_fly_static elementor-widget elementor-widget-spacer\" data-id=\"63ee4a3\" data-element_type=\"widget\" data-e-type=\"widget\" data-widget_type=\"spacer.default\">\n\t\t\t\t<div class=\"elementor-widget-container\">\n\t\t\t\t\t\t\t<div class=\"elementor-spacer\">\n\t\t\t<div class=\"elementor-spacer-inner\"><\/div>\n\t\t<\/div>\n\t\t\t\t\t\t<\/div>\n\t\t\t\t<\/div>\n\t\t\t\t<div class=\"elementor-element elementor-element-163ff34 elementor-view-default sc_fly_static elementor-widget elementor-widget-icon\" data-id=\"163ff34\" data-element_type=\"widget\" data-e-type=\"widget\" data-widget_type=\"icon.default\">\n\t\t\t\t<div class=\"elementor-widget-container\">\n\t\t\t\t\t\t\t<div class=\"elementor-icon-wrapper\">\n\t\t\t<div class=\"elementor-icon\">\n\t\t\t<svg xmlns=\"http:\/\/www.w3.org\/2000\/svg\" width=\"14.626\" height=\"8.639\" viewBox=\"0 0 14.626 8.639\"><g id=\"down-arrow\" transform=\"translate(0 -70.698)\"><g id=\"Group_8820\" data-name=\"Group 8820\" transform=\"translate(0 100.698)\"><path id=\"Path_6507\" data-name=\"Path 6507\" d=\"M14.392,101.42l-.479-.482a.8.8,0,0,0-1.132,0L7.316,106.4l-5.472-5.472a.8.8,0,0,0-1.132,0l-.479.479a.8.8,0,0,0,0,1.131l6.515,6.538a.818.818,0,0,0,.567.257h0a.818.818,0,0,0,.566-.257l6.508-6.52a.808.808,0,0,0,.234-.571A.8.8,0,0,0,14.392,101.42Z\" transform=\"translate(0 -130.698)\"><\/path><\/g><\/g><\/svg>\t\t\t<\/div>\n\t\t<\/div>\n\t\t\t\t\t\t<\/div>\n\t\t\t\t<\/div>\n\t\t\t\t<div class=\"elementor-element elementor-element-6f8eac3 sc_fly_static elementor-widget elementor-widget-spacer\" data-id=\"6f8eac3\" data-element_type=\"widget\" data-e-type=\"widget\" data-widget_type=\"spacer.default\">\n\t\t\t\t<div class=\"elementor-widget-container\">\n\t\t\t\t\t\t\t<div class=\"elementor-spacer\">\n\t\t\t<div class=\"elementor-spacer-inner\"><\/div>\n\t\t<\/div>\n\t\t\t\t\t\t<\/div>\n\t\t\t\t<\/div>\n\t\t\t\t\t<\/div>\n\t\t<\/div>\n\t\t\t\t\t<\/div>\n\t\t<\/section>\n\t\t\t\t\t<\/div>\n\t\t<\/div>\n\t\t\t\t\t<\/div>\n\t\t<\/section>\n\t\t\t\t<section class=\"elementor-section elementor-top-section elementor-element elementor-element-ac4df25 elementor-section-boxed elementor-section-height-default elementor-section-height-default sc_fly_static\" data-id=\"ac4df25\" data-element_type=\"section\" data-e-type=\"section\">\n\t\t\t\t\t\t<div class=\"elementor-container elementor-column-gap-extended\">\n\t\t\t\t\t<div class=\"elementor-column elementor-col-100 elementor-top-column elementor-element elementor-element-b39c982 sc_content_align_inherit sc_layouts_column_icons_position_left sc_fly_static\" data-id=\"b39c982\" data-element_type=\"column\" data-e-type=\"column\">\n\t\t\t<div class=\"elementor-widget-wrap elementor-element-populated\">\n\t\t\t\t\t\t<div class=\"elementor-element elementor-element-ae2f9d5 sc_fly_static elementor-widget elementor-widget-text-editor\" data-id=\"ae2f9d5\" data-element_type=\"widget\" data-e-type=\"widget\" data-widget_type=\"text-editor.default\">\n\t\t\t\t<div class=\"elementor-widget-container\">\n\t\t\t\t\t\t\t\t\t<p><strong><span>Stellenbeschreibung:<\/span><\/strong><\/p>\n<p><span>Als Verwaltungsassistent\/in am Hauptsitz von Zurbuchen in \u00c9cl\u00e9pens spielen Sie eine <\/span><span>Schl\u00fcsselrolle f\u00fcr den reibungslosen Ablauf der Gesch\u00e4ftst\u00e4tigkeiten des Unternehmens. Sie sind daf\u00fcr verantwortlich, <\/span><span>die verschiedenen Abteilungen bei ihren administrativen Aufgaben zu unterst\u00fctzen und eine reibungslose Kommunikation mit<\/span><br \/><span>Kunden und Partnern sicherzustellen.<\/span><\/p>\n<p><strong><span>Ihre Hauptaufgaben:<\/span><\/strong><\/p>\n<p><span>\u2022 Begr\u00fc\u00dfen Sie Besucher und beantworten Sie Telefonanrufe.<\/span><br \/><span>\u2022 Verwalten Sie Post, E-Mails und Verwaltungsdokumente.<\/span><br \/><span>\u2022 Sorgen Sie f\u00fcr die Datei\u00fcberwachung und Datenbankaktualisierung.<\/span><br \/><span>\u2022 Bieten Sie den Vertriebs-, Produktions- und Projektmanagementteams administrative Unterst\u00fctzung.<\/span><br \/><span>\u2022 Mitarbeit bei der Organisation interner Veranstaltungen und der logistischen Leitung der Zentrale.<\/span><\/p>\n<p><strong><span>Gesuchtes Profil:<\/span><\/strong><\/p>\n<p><span>\u2022 Erfahrung in der Verwaltung oder Managementassistenz.<\/span><br \/><span>\u2022 Kenntnisse im Umgang mit Office-Tools und F\u00e4higkeit, neue Software zu erlernen.<\/span><br \/><span>\u2022 Organisation, Autonomie und F\u00e4higkeit, abwechslungsreiche Aufgaben zu bew\u00e4ltigen.<\/span><br \/><span>\u2022 Gute zwischenmenschliche F\u00e4higkeiten und F\u00e4higkeit, im Team zu arbeiten.<\/span><br \/><span>\u2022 Hervorragende Pr\u00e4sentation und einladende Haltung.<\/span><\/p>\n<p><strong><span>Wir bieten:<\/span><\/strong><\/p>\n<p><span>\u2022 Ein einladendes Arbeitsumfeld in einem Familienunternehmen.<\/span><br \/><span>\u2022 Eine vielseitige Position mit Aufstiegschancen.<\/span><br \/><span>\u2022 Unterst\u00fctzung und Schulung zur Entwicklung Ihrer F\u00e4higkeiten.<\/span><br \/><span>\u2022 Wettbewerbsf\u00e4hige Verg\u00fctung und vorteilhafte Arbeitsbedingungen.<\/span><\/p>\t\t\t\t\t\t\t\t<\/div>\n\t\t\t\t<\/div>\n\t\t\t\t<div class=\"elementor-element elementor-element-329e16c btn-bleu sc_fly_static elementor-widget elementor-widget-trx_sc_button\" data-id=\"329e16c\" data-element_type=\"widget\" data-e-type=\"widget\" data-widget_type=\"trx_sc_button.default\">\n\t\t\t\t<div class=\"elementor-widget-container\">\n\t\t\t\t\t<div\tclass=\"sc_item_button sc_button_wrap\" ><a href=\"https:\/\/zurbuchensa.ch\/candidature-emploi\/\" class=\"sc_button sc_button_decoration sc_button_size_normal sc_button_icon_left color_style_link2\" ><span class=\"sc_button_text\"><span class=\"sc_button_title\">ONLINE BEWERDEN<\/span><\/span><\/a><\/div>\t\t\t\t<\/div>\n\t\t\t\t<\/div>\n\t\t\t\t\t<\/div>\n\t\t<\/div>\n\t\t\t\t\t<\/div>\n\t\t<\/section>\n\t\t\t\t<\/div>\n\t\t","protected":false},"excerpt":{"rendered":"<p>Page (post) title Stellenbeschreibung: Als Verwaltungsassistent\/in am Hauptsitz von Zurbuchen in \u00c9cl\u00e9pens spielen Sie eine Schl\u00fcsselrolle f\u00fcr den reibungslosen Ablauf der Gesch\u00e4ftst\u00e4tigkeiten des Unternehmens. Sie sind daf\u00fcr verantwortlich, die verschiedenen&hellip;<\/p>\n","protected":false},"author":1,"featured_media":39251,"parent":0,"menu_order":0,"comment_status":"closed","ping_status":"closed","template":"","meta":{"inline_featured_image":false,"footnotes":""},"class_list":["post-39718","page","type-page","status-publish","has-post-thumbnail","hentry"],"_links":{"self":[{"href":"https:\/\/zurbuchensa.ch\/de\/wp-json\/wp\/v2\/pages\/39718","targetHints":{"allow":["GET"]}}],"collection":[{"href":"https:\/\/zurbuchensa.ch\/de\/wp-json\/wp\/v2\/pages"}],"about":[{"href":"https:\/\/zurbuchensa.ch\/de\/wp-json\/wp\/v2\/types\/page"}],"author":[{"embeddable":true,"href":"https:\/\/zurbuchensa.ch\/de\/wp-json\/wp\/v2\/users\/1"}],"replies":[{"embeddable":true,"href":"https:\/\/zurbuchensa.ch\/de\/wp-json\/wp\/v2\/comments?post=39718"}],"version-history":[{"count":6,"href":"https:\/\/zurbuchensa.ch\/de\/wp-json\/wp\/v2\/pages\/39718\/revisions"}],"predecessor-version":[{"id":39727,"href":"https:\/\/zurbuchensa.ch\/de\/wp-json\/wp\/v2\/pages\/39718\/revisions\/39727"}],"wp:featuredmedia":[{"embeddable":true,"href":"https:\/\/zurbuchensa.ch\/de\/wp-json\/wp\/v2\/media\/39251"}],"wp:attachment":[{"href":"https:\/\/zurbuchensa.ch\/de\/wp-json\/wp\/v2\/media?parent=39718"}],"curies":[{"name":"wp","href":"https:\/\/api.w.org\/{rel}","templated":true}]}}