 {"id":40072,"date":"2025-04-10T14:07:35","date_gmt":"2025-04-10T14:07:35","guid":{"rendered":"https:\/\/zurbuchensa.ch\/declaration-de-confidentialite-ue\/"},"modified":"2025-04-14T10:35:08","modified_gmt":"2025-04-14T10:35:08","slug":"datenschutzerklarung","status":"publish","type":"page","link":"https:\/\/zurbuchensa.ch\/de\/datenschutzerklarung\/","title":{"rendered":"Datenschutzerkl\u00e4rung"},"content":{"rendered":"\t\t<div data-elementor-type=\"wp-page\" data-elementor-id=\"40072\" class=\"elementor elementor-40072 elementor-39935\" data-elementor-post-type=\"page\">\n\t\t\t\t\t\t<section class=\"elementor-section elementor-top-section elementor-element elementor-element-c5aa157 elementor-section-full_width elementor-section-content-middle scheme_dark elementor-section-stretched elementor-section-height-min-height elementor-section-height-default elementor-section-items-middle sc_fly_static\" data-id=\"c5aa157\" data-element_type=\"section\" data-e-type=\"section\" data-settings=\"{&quot;background_background&quot;:&quot;classic&quot;,&quot;stretch_section&quot;:&quot;section-stretched&quot;}\">\n\t\t\t\t\t\t\t<div class=\"elementor-background-overlay\"><\/div>\n\t\t\t\t\t\t\t<div class=\"elementor-container elementor-column-gap-no\">\n\t\t\t\t\t<div class=\"elementor-column elementor-col-100 elementor-top-column elementor-element elementor-element-274d043 sc_content_align_inherit sc_layouts_column_icons_position_left sc_fly_static\" data-id=\"274d043\" data-element_type=\"column\" data-e-type=\"column\">\n\t\t\t<div class=\"elementor-widget-wrap elementor-element-populated\">\n\t\t\t\t\t\t<section class=\"elementor-section elementor-inner-section elementor-element elementor-element-1ef1cdf elementor-section-full_width elementor-section-height-default elementor-section-height-default sc_fly_static\" data-id=\"1ef1cdf\" data-element_type=\"section\" data-e-type=\"section\">\n\t\t\t\t\t\t<div class=\"elementor-container elementor-column-gap-extended\">\n\t\t\t\t\t<div class=\"elementor-column elementor-col-100 elementor-inner-column elementor-element elementor-element-a820ff2 sc_content_align_inherit sc_layouts_column_icons_position_left sc_fly_static\" data-id=\"a820ff2\" data-element_type=\"column\" data-e-type=\"column\">\n\t\t\t<div class=\"elementor-widget-wrap elementor-element-populated\">\n\t\t\t\t\t\t<div class=\"elementor-element elementor-element-451057e sc_fly_static elementor-widget elementor-widget-spacer\" data-id=\"451057e\" data-element_type=\"widget\" data-e-type=\"widget\" data-widget_type=\"spacer.default\">\n\t\t\t\t<div class=\"elementor-widget-container\">\n\t\t\t\t\t\t\t<div class=\"elementor-spacer\">\n\t\t\t<div class=\"elementor-spacer-inner\"><\/div>\n\t\t<\/div>\n\t\t\t\t\t\t<\/div>\n\t\t\t\t<\/div>\n\t\t\t\t<div class=\"elementor-element elementor-element-24e5d39 sc_fly_static elementor-widget elementor-widget-trx_sc_layouts_title\" data-id=\"24e5d39\" data-element_type=\"widget\" data-e-type=\"widget\" data-widget_type=\"trx_sc_layouts_title.default\">\n\t\t\t\t<div class=\"elementor-widget-container\">\n\t\t\t\t\t<div class=\"sc_layouts_title sc_align_center with_content without_image without_tint\" ><div class=\"sc_layouts_title_content\"><div class=\"sc_layouts_title_title\"><h1 class=\"sc_layouts_title_caption\">Datenschutzerkl\u00e4rung<\/h1><\/div><\/div><\/div>\t\t\t\t<\/div>\n\t\t\t\t<\/div>\n\t\t\t\t<div class=\"elementor-element elementor-element-3248dca sc_fly_static elementor-widget elementor-widget-spacer\" data-id=\"3248dca\" data-element_type=\"widget\" data-e-type=\"widget\" data-widget_type=\"spacer.default\">\n\t\t\t\t<div class=\"elementor-widget-container\">\n\t\t\t\t\t\t\t<div class=\"elementor-spacer\">\n\t\t\t<div class=\"elementor-spacer-inner\"><\/div>\n\t\t<\/div>\n\t\t\t\t\t\t<\/div>\n\t\t\t\t<\/div>\n\t\t\t\t<div class=\"elementor-element elementor-element-cce6e1b elementor-view-default sc_fly_static elementor-widget elementor-widget-icon\" data-id=\"cce6e1b\" data-element_type=\"widget\" data-e-type=\"widget\" data-widget_type=\"icon.default\">\n\t\t\t\t<div class=\"elementor-widget-container\">\n\t\t\t\t\t\t\t<div class=\"elementor-icon-wrapper\">\n\t\t\t<div class=\"elementor-icon\">\n\t\t\t<svg xmlns=\"http:\/\/www.w3.org\/2000\/svg\" width=\"14.626\" height=\"8.639\" viewBox=\"0 0 14.626 8.639\"><g id=\"down-arrow\" transform=\"translate(0 -70.698)\"><g id=\"Group_8820\" data-name=\"Group 8820\" transform=\"translate(0 100.698)\"><path id=\"Path_6507\" data-name=\"Path 6507\" d=\"M14.392,101.42l-.479-.482a.8.8,0,0,0-1.132,0L7.316,106.4l-5.472-5.472a.8.8,0,0,0-1.132,0l-.479.479a.8.8,0,0,0,0,1.131l6.515,6.538a.818.818,0,0,0,.567.257h0a.818.818,0,0,0,.566-.257l6.508-6.52a.808.808,0,0,0,.234-.571A.8.8,0,0,0,14.392,101.42Z\" transform=\"translate(0 -130.698)\"><\/path><\/g><\/g><\/svg>\t\t\t<\/div>\n\t\t<\/div>\n\t\t\t\t\t\t<\/div>\n\t\t\t\t<\/div>\n\t\t\t\t<div class=\"elementor-element elementor-element-dddd8e4 sc_fly_static elementor-widget elementor-widget-spacer\" data-id=\"dddd8e4\" data-element_type=\"widget\" data-e-type=\"widget\" data-widget_type=\"spacer.default\">\n\t\t\t\t<div class=\"elementor-widget-container\">\n\t\t\t\t\t\t\t<div class=\"elementor-spacer\">\n\t\t\t<div class=\"elementor-spacer-inner\"><\/div>\n\t\t<\/div>\n\t\t\t\t\t\t<\/div>\n\t\t\t\t<\/div>\n\t\t\t\t\t<\/div>\n\t\t<\/div>\n\t\t\t\t\t<\/div>\n\t\t<\/section>\n\t\t\t\t\t<\/div>\n\t\t<\/div>\n\t\t\t\t\t<\/div>\n\t\t<\/section>\n\t\t\t\t<section class=\"elementor-section elementor-top-section elementor-element elementor-element-6cc73943 elementor-section-boxed elementor-section-height-default elementor-section-height-default sc_fly_static\" data-id=\"6cc73943\" data-element_type=\"section\" data-e-type=\"section\">\n\t\t\t\t\t\t<div class=\"elementor-container elementor-column-gap-extended\">\n\t\t\t\t\t<div class=\"elementor-column elementor-col-100 elementor-top-column elementor-element elementor-element-7375fa41 sc_content_align_inherit sc_layouts_column_icons_position_left sc_fly_static\" data-id=\"7375fa41\" data-element_type=\"column\" data-e-type=\"column\">\n\t\t\t<div class=\"elementor-widget-wrap elementor-element-populated\">\n\t\t\t\t\t\t<div class=\"elementor-element elementor-element-7c5031b sc_fly_static elementor-widget elementor-widget-text-editor\" data-id=\"7c5031b\" data-element_type=\"widget\" data-e-type=\"widget\" data-widget_type=\"text-editor.default\">\n\t\t\t\t<div class=\"elementor-widget-container\">\n\t\t\t\t\t\t\t\t\t<div id=\"cmplz-document\" class=\"cmplz-document privacy-statement cmplz-document-eu\">\n<p><i>Diese Datenschutzerkl\u00e4rung wurde am 10. April 2025 aktualisiert und gilt f\u00fcr B\u00fcrger und gesetzlich dauerhafte Einwohner des Europ\u00e4ischen Wirtschaftsraums und der Schweiz.<\/i><br><br><\/p>\n\n<p>In dieser Datenschutzerkl\u00e4rung erl\u00e4utern wir, was wir mit den personenbezogenen Daten tun, die wir \u00fcber Sie \u00fcber <a href=\"https:\/\/zurbuchensa.ch\">https:\/\/zurbuchensa.ch<\/a> erhalten. Wir empfehlen Ihnen, diese Erkl\u00e4rung sorgf\u00e4ltig zu lesen. Bei der Verarbeitung halten wir uns an die Anforderungen der Datenschutzgesetze. Das bedeutet unter anderem:<\/p>\n\n<ul>\n    <li>Wir geben klar an, zu welchen Zwecken wir personenbezogene Daten verarbeiten. Dies erfolgt durch diese Datenschutzerkl\u00e4rung;<\/li>\n    <li>Wir beschr\u00e4nken unsere Erhebung personenbezogener Daten auf das Notwendige f\u00fcr legitime Zwecke;<\/li>\n    <li>Wir holen zun\u00e4chst Ihre ausdr\u00fcckliche Zustimmung ein, wenn diese erforderlich ist, um Ihre personenbezogenen Daten zu verarbeiten;<\/li>\n    <li>Wir ergreifen geeignete Sicherheitsma\u00dfnahmen zum Schutz Ihrer personenbezogenen Daten und verlangen dies auch von Parteien, die Daten in unserem Auftrag verarbeiten;<\/li>\n    <li>Wir respektieren Ihr Recht auf Einsicht, Berichtigung oder L\u00f6schung Ihrer personenbezogenen Daten auf Anfrage.<\/li>\n<\/ul>\n\n<p>Wenn Sie Fragen haben oder genau wissen m\u00f6chten, welche Daten wir \u00fcber Sie speichern, kontaktieren Sie uns bitte.<\/p>\n\n<h2>1. Weitergabe an Dritte<\/h2>\n<p>Wir geben diese Daten nur an Auftragsverarbeiter zu folgenden Zwecken weiter:<\/p>\n\n<h2>2. Cookies<\/h2>\n<p>Unsere Website verwendet Cookies. Weitere Informationen zu Cookies finden Sie in unserer <a href=\"https:\/\/zurbuchensa.ch\/politique-de-cookies-ue\/\">Cookie-Richtlinie<\/a>.<\/p>\n\n<h2>3. Offenlegungspraxis<\/h2>\n<p>Wir geben personenbezogene Daten weiter, wenn wir gesetzlich oder durch eine gerichtliche Verf\u00fcgung dazu verpflichtet sind, in Reaktion auf Strafverfolgungsbeh\u00f6rden, soweit gesetzlich zul\u00e4ssig, zur Bereitstellung von Informationen oder zur Untersuchung einer Angelegenheit im Zusammenhang mit der \u00f6ffentlichen Sicherheit.<\/p>\n<p>Falls unsere Website oder Organisation \u00fcbernommen, verkauft oder in eine Fusion oder \u00dcbernahme einbezogen wird, k\u00f6nnen Ihre Daten an unsere Berater und potenzielle K\u00e4ufer weitergegeben und an neue Eigent\u00fcmer \u00fcbermittelt werden.<\/p>\n\n<p>Wir haben mit Google einen Datenverarbeitungsvertrag abgeschlossen.<\/p>\n<p>Google darf die Daten nicht f\u00fcr andere Google-Dienste verwenden.<\/p>\n<p>Die vollst\u00e4ndige IP-Adressen-Erfassung wird von uns blockiert.<\/p>\n\n<h2>4. Sicherheit<\/h2>\n<p>Wir verpflichten uns zum Schutz personenbezogener Daten. Wir ergreifen geeignete Sicherheitsma\u00dfnahmen, um Missbrauch und unbefugten Zugriff auf personenbezogene Daten zu verhindern. Dies stellt sicher, dass nur notwendige Personen Zugriff auf Ihre Daten haben, dass der Zugriff gesch\u00fctzt ist und dass unsere Sicherheitsma\u00dfnahmen regelm\u00e4\u00dfig \u00fcberpr\u00fcft werden.<\/p>\n\n<h2>5. Websites Dritter<\/h2>\n<p>Diese Datenschutzerkl\u00e4rung gilt nicht f\u00fcr Websites Dritter, die \u00fcber Links auf unserer Website verbunden sind. Wir k\u00f6nnen nicht garantieren, dass diese Drittanbieter Ihre personenbezogenen Daten zuverl\u00e4ssig oder sicher verarbeiten. Wir empfehlen Ihnen, die Datenschutzerkl\u00e4rungen dieser Websites zu lesen, bevor Sie sie nutzen.<\/p>\n\n<h2>6. \u00c4nderungen dieser Datenschutzerkl\u00e4rung<\/h2>\n<p>Wir behalten uns das Recht vor, diese Datenschutzerkl\u00e4rung zu \u00e4ndern. Es wird empfohlen, diese Datenschutzerkl\u00e4rung regelm\u00e4\u00dfig zu konsultieren, um \u00fcber etwaige \u00c4nderungen informiert zu bleiben. Wir werden Sie nach M\u00f6glichkeit auch aktiv dar\u00fcber informieren.<\/p>\n\n<h2>7. Zugriff auf Ihre Daten und deren \u00c4nderung<\/h2>\n<p>Wenn Sie Fragen haben oder wissen m\u00f6chten, welche personenbezogenen Daten wir \u00fcber Sie haben, kontaktieren Sie uns bitte. Sie k\u00f6nnen uns \u00fcber die unten stehenden Informationen erreichen. Sie haben folgende Rechte:<\/p>\n\n<ul>\n    <li>Sie haben das Recht zu erfahren, warum Ihre personenbezogenen Daten ben\u00f6tigt werden, was damit geschieht und wie lange sie gespeichert werden.<\/li>\n    <li>Zugriffsrecht: Sie haben das Recht auf Zugang zu den personenbezogenen Daten, die wir \u00fcber Sie gespeichert haben.<\/li>\n    <li>Recht auf Berichtigung: Sie haben jederzeit das Recht, Ihre personenbezogenen Daten zu erg\u00e4nzen, zu korrigieren, l\u00f6schen zu lassen oder sperren zu lassen.<\/li>\n    <li>Wenn Sie uns Ihre Einwilligung zur Verarbeitung Ihrer Daten erteilt haben, haben Sie das Recht, diese Einwilligung zu widerrufen und Ihre personenbezogenen Daten l\u00f6schen zu lassen.<\/li>\n    <li>Recht auf Daten\u00fcbertragbarkeit: Sie haben das Recht, alle Ihre personenbezogenen Daten vom Verantwortlichen anzufordern und vollst\u00e4ndig an einen anderen Verantwortlichen zu \u00fcbertragen.<\/li>\n    <li>Widerspruchsrecht: Sie k\u00f6nnen der Verarbeitung Ihrer Daten widersprechen. Wir kommen dem nach, es sei denn, es liegen berechtigte Gr\u00fcnde f\u00fcr die Verarbeitung vor.<\/li>\n<\/ul>\n\n<p>Bitte geben Sie immer deutlich an, wer Sie sind, damit wir sicherstellen k\u00f6nnen, dass wir keine Daten der falschen Person \u00e4ndern oder l\u00f6schen.<\/p>\n\n<h2>8. Beschwerde einreichen<\/h2>\n<p>Wenn Sie mit der Art und Weise, wie wir Ihre personenbezogenen Daten behandeln (oder eine Beschwerde dar\u00fcber), nicht zufrieden sind, haben Sie das Recht, eine Beschwerde bei der Datenschutzbeh\u00f6rde einzureichen.<\/p>\n\n<h2>9. Kontaktdaten<\/h2>\n<p>Zurbuchen Fr\u00e8re SA<br>\nZ. I. Le Marais 4,<br>\n1312 \u00c9cl\u00e9pens<br>\nSchweiz<br>\nWebsite: <a href=\"https:\/\/zurbuchensa.ch\">https:\/\/zurbuchensa.ch<\/a> <br>\nE-Mail: <span class=\"cmplz-obfuscate\">info@<span class=\"cmplz-fmail-domain\">ex.com<\/span>zurbuchensa.ch<\/span> <br>\nTelefonnummer: +41 21 866 06 40<\/p>\n<\/div>\n\t\t\t\t\t\t\t\t<\/div>\n\t\t\t\t<\/div>\n\t\t\t\t\t<\/div>\n\t\t<\/div>\n\t\t\t\t\t<\/div>\n\t\t<\/section>\n\t\t\t\t<\/div>\n\t\t","protected":false},"excerpt":{"rendered":"<p>Page (post) title Diese Datenschutzerkl\u00e4rung wurde am 10. April 2025 aktualisiert und gilt f\u00fcr B\u00fcrger und gesetzlich dauerhafte Einwohner des Europ\u00e4ischen Wirtschaftsraums und der Schweiz. In dieser Datenschutzerkl\u00e4rung erl\u00e4utern wir,&hellip;<\/p>\n","protected":false},"author":1,"featured_media":39343,"parent":0,"menu_order":0,"comment_status":"closed","ping_status":"closed","template":"","meta":{"inline_featured_image":false,"footnotes":""},"class_list":["post-40072","page","type-page","status-publish","has-post-thumbnail","hentry"],"_links":{"self":[{"href":"https:\/\/zurbuchensa.ch\/de\/wp-json\/wp\/v2\/pages\/40072","targetHints":{"allow":["GET"]}}],"collection":[{"href":"https:\/\/zurbuchensa.ch\/de\/wp-json\/wp\/v2\/pages"}],"about":[{"href":"https:\/\/zurbuchensa.ch\/de\/wp-json\/wp\/v2\/types\/page"}],"author":[{"embeddable":true,"href":"https:\/\/zurbuchensa.ch\/de\/wp-json\/wp\/v2\/users\/1"}],"replies":[{"embeddable":true,"href":"https:\/\/zurbuchensa.ch\/de\/wp-json\/wp\/v2\/comments?post=40072"}],"version-history":[{"count":6,"href":"https:\/\/zurbuchensa.ch\/de\/wp-json\/wp\/v2\/pages\/40072\/revisions"}],"predecessor-version":[{"id":40083,"href":"https:\/\/zurbuchensa.ch\/de\/wp-json\/wp\/v2\/pages\/40072\/revisions\/40083"}],"wp:featuredmedia":[{"embeddable":true,"href":"https:\/\/zurbuchensa.ch\/de\/wp-json\/wp\/v2\/media\/39343"}],"wp:attachment":[{"href":"https:\/\/zurbuchensa.ch\/de\/wp-json\/wp\/v2\/media?parent=40072"}],"curies":[{"name":"wp","href":"https:\/\/api.w.org\/{rel}","templated":true}]}}